{"id":102,"date":"2023-07-13T04:57:08","date_gmt":"2023-07-13T04:57:08","guid":{"rendered":"https:\/\/halal-certification.de\/grundsatze-fur-halal"},"modified":"2023-08-17T09:56:42","modified_gmt":"2023-08-17T09:56:42","slug":"grundsatze-fur-halal","status":"publish","type":"page","link":"https:\/\/halal-certification.de\/de\/grundsatze-fur-halal","title":{"rendered":"Grunds\u00e4tze f\u00fcr Halal"},"content":{"rendered":"<div data-elementor-type=\"wp-page\" data-elementor-id=\"102\" class=\"elementor elementor-102\">\n\t\t\t\t\t\t<section class=\"elementor-section elementor-top-section elementor-element elementor-element-249c8e46 elementor-section-height-min-height elementor-section-boxed elementor-section-height-default elementor-section-items-middle\" data-id=\"249c8e46\" data-element_type=\"section\" data-e-type=\"section\" data-settings=\"{&quot;background_background&quot;:&quot;classic&quot;,&quot;background_motion_fx_motion_fx_mouse&quot;:&quot;yes&quot;,&quot;background_motion_fx_mouseTrack_effect&quot;:&quot;yes&quot;,&quot;background_motion_fx_mouseTrack_speed&quot;:{&quot;unit&quot;:&quot;px&quot;,&quot;size&quot;:1,&quot;sizes&quot;:[]}}\">\n\t\t\t\t\t\t\t<div class=\"elementor-background-overlay\"><\/div>\n\t\t\t\t\t\t\t<div class=\"elementor-container elementor-column-gap-default\">\n\t\t\t\t\t<div class=\"elementor-column elementor-col-100 elementor-top-column elementor-element elementor-element-7167f6b2\" data-id=\"7167f6b2\" data-element_type=\"column\" data-e-type=\"column\">\n\t\t\t<div class=\"elementor-widget-wrap elementor-element-populated\">\n\t\t\t\t\t\t<div class=\"elementor-element elementor-element-7523807a elementor-widget elementor-widget-heading\" data-id=\"7523807a\" data-element_type=\"widget\" data-e-type=\"widget\" data-widget_type=\"heading.default\">\n\t\t\t\t<div class=\"elementor-widget-container\">\n\t\t\t\t\t<h1 class=\"elementor-heading-title elementor-size-default\">Grunds\u00e4tze des Halal<\/h1>\t\t\t\t<\/div>\n\t\t\t\t<\/div>\n\t\t\t\t\t<\/div>\n\t\t<\/div>\n\t\t\t\t\t<\/div>\n\t\t<\/section>\n\t\t\t\t<section class=\"elementor-section elementor-top-section elementor-element elementor-element-5982ef9d elementor-section-content-middle elementor-section-boxed elementor-section-height-default elementor-section-height-default\" data-id=\"5982ef9d\" data-element_type=\"section\" data-e-type=\"section\">\n\t\t\t\t\t\t<div class=\"elementor-container elementor-column-gap-default\">\n\t\t\t\t\t<div class=\"elementor-column elementor-col-50 elementor-top-column elementor-element elementor-element-58053872\" data-id=\"58053872\" data-element_type=\"column\" data-e-type=\"column\">\n\t\t\t<div class=\"elementor-widget-wrap elementor-element-populated\">\n\t\t\t\t\t\t<div class=\"elementor-element elementor-element-46b66388 elementor-widget elementor-widget-heading\" data-id=\"46b66388\" data-element_type=\"widget\" data-e-type=\"widget\" data-widget_type=\"heading.default\">\n\t\t\t\t<div class=\"elementor-widget-container\">\n\t\t\t\t\t<h2 class=\"elementor-heading-title elementor-size-default\">Transparente Grunds\u00e4tze<\/h2>\t\t\t\t<\/div>\n\t\t\t\t<\/div>\n\t\t\t\t<div class=\"elementor-element elementor-element-1bd464f2 elementor-widget__width-initial elementor-widget elementor-widget-text-editor\" data-id=\"1bd464f2\" data-element_type=\"widget\" data-e-type=\"widget\" data-widget_type=\"text-editor.default\">\n\t\t\t\t<div class=\"elementor-widget-container\">\n\t\t\t\t\t\t\t\t\t<p>Die religi\u00f6sen Grunds\u00e4tze von Halal beziehen sich auf den Lebensmittelkonsum und die Lebensmittelproduktion von Muslimen. Nach islamischen Glaubensvorstellungen sind bestimmte Nahrungsmittel und Praktiken halal (erlaubt) und andere haram (verboten).<\/p><p>Erlaubte Nahrungsmittel sind solche, die gem\u00e4\u00df den religi\u00f6sen Vorschriften korrekt hergestellt wurden. Dazu geh\u00f6ren neben dem Fleisch auch das Essen von Gem\u00fcse, Obst, Milchprodukten und Getreide ist erlaubt, sofern sie nicht mit verbotenen Stoffen wie Alkohol vermischt sind. Indem Muslime auf halal Lebensmittel achten, sollen sie verantwortungsvoll handeln und die Sch\u00f6pfung Gottes respektieren.<\/p><p>Gem\u00e4\u00df den islamischen Grunds\u00e4tzen m\u00fcssen Lebensmittel, um halal zu sein, bestimmte Voraussetzungen erf\u00fcllen. So m\u00fcssen die Tiere, die f\u00fcr den Verzehr bestimmt sind, auf eine bestimmte Weise geschlachtet werden.<\/p>\t\t\t\t\t\t\t\t<\/div>\n\t\t\t\t<\/div>\n\t\t\t\t\t<\/div>\n\t\t<\/div>\n\t\t\t\t<div class=\"elementor-column elementor-col-50 elementor-top-column elementor-element elementor-element-33ab4bdd\" data-id=\"33ab4bdd\" data-element_type=\"column\" data-e-type=\"column\">\n\t\t\t<div class=\"elementor-widget-wrap elementor-element-populated\">\n\t\t\t\t\t\t<div class=\"elementor-element elementor-element-46f0aaaa elementor-widget elementor-widget-image\" data-id=\"46f0aaaa\" data-element_type=\"widget\" data-e-type=\"widget\" data-widget_type=\"image.default\">\n\t\t\t\t<div class=\"elementor-widget-container\">\n\t\t\t\t\t\t\t\t\t\t\t\t\t\t\t<img fetchpriority=\"high\" decoding=\"async\" width=\"683\" height=\"1024\" src=\"https:\/\/halal-certification.de\/wp-content\/uploads\/2023\/07\/pexels-fauxels-3183165-scaled-1-683x1024.jpg\" class=\"attachment-large size-large wp-image-104\" alt=\"\" srcset=\"https:\/\/halal-certification.de\/wp-content\/uploads\/2023\/07\/pexels-fauxels-3183165-scaled-1-683x1024.jpg 683w, https:\/\/halal-certification.de\/wp-content\/uploads\/2023\/07\/pexels-fauxels-3183165-scaled-1-200x300.jpg 200w, https:\/\/halal-certification.de\/wp-content\/uploads\/2023\/07\/pexels-fauxels-3183165-scaled-1-768x1151.jpg 768w, https:\/\/halal-certification.de\/wp-content\/uploads\/2023\/07\/pexels-fauxels-3183165-scaled-1-1025x1536.jpg 1025w, https:\/\/halal-certification.de\/wp-content\/uploads\/2023\/07\/pexels-fauxels-3183165-scaled-1-1366x2048.jpg 1366w, https:\/\/halal-certification.de\/wp-content\/uploads\/2023\/07\/pexels-fauxels-3183165-scaled-1-8x12.jpg 8w, https:\/\/halal-certification.de\/wp-content\/uploads\/2023\/07\/pexels-fauxels-3183165-scaled-1.jpg 1708w\" sizes=\"(max-width: 683px) 100vw, 683px\" \/>\t\t\t\t\t\t\t\t\t\t\t\t\t\t\t<\/div>\n\t\t\t\t<\/div>\n\t\t\t\t\t<\/div>\n\t\t<\/div>\n\t\t\t\t\t<\/div>\n\t\t<\/section>\n\t\t\t\t<section class=\"elementor-section elementor-top-section elementor-element elementor-element-5ae20bff elementor-section-full_width elementor-section-height-default elementor-section-height-default\" data-id=\"5ae20bff\" data-element_type=\"section\" data-e-type=\"section\" data-settings=\"{&quot;background_background&quot;:&quot;classic&quot;}\">\n\t\t\t\t\t\t\t<div class=\"elementor-background-overlay\"><\/div>\n\t\t\t\t\t\t\t<div class=\"elementor-container elementor-column-gap-no\">\n\t\t\t\t\t<div class=\"elementor-column elementor-col-100 elementor-top-column elementor-element elementor-element-377b9366\" data-id=\"377b9366\" data-element_type=\"column\" data-e-type=\"column\">\n\t\t\t<div class=\"elementor-widget-wrap elementor-element-populated\">\n\t\t\t\t\t\t<section class=\"elementor-section elementor-inner-section elementor-element elementor-element-1dc5ef19 elementor-section-boxed elementor-section-height-default elementor-section-height-default\" data-id=\"1dc5ef19\" data-element_type=\"section\" data-e-type=\"section\">\n\t\t\t\t\t\t<div class=\"elementor-container elementor-column-gap-default\">\n\t\t\t\t\t<div class=\"elementor-column elementor-col-50 elementor-inner-column elementor-element elementor-element-310d1d6a\" data-id=\"310d1d6a\" data-element_type=\"column\" data-e-type=\"column\">\n\t\t\t<div class=\"elementor-widget-wrap elementor-element-populated\">\n\t\t\t\t\t\t<div class=\"elementor-element elementor-element-7d9dfdeb elementor-widget elementor-widget-text-editor\" data-id=\"7d9dfdeb\" data-element_type=\"widget\" data-e-type=\"widget\" data-widget_type=\"text-editor.default\">\n\t\t\t\t<div class=\"elementor-widget-container\">\n\t\t\t\t\t\t\t\t\t<p>Neben der Art der Schlachtung m\u00fcssen Muslime auch darauf achten, was sie allgemein essen. Lebensmittel sind zum Beispiel haram, wenn sie Schweinefleisch oder Alkohol enthalten. Dar\u00fcber hinaus m\u00fcssen auch Bedingungen wie die Art der Zubereitung und die Lagerung von Lebensmitteln erf\u00fcllt sein, um als halal zu gelten.<\/p>\n<p>Bei der Lebensmittelproduktion m\u00fcssen auch bestimmte Regeln eingehalten werden. Produkte m\u00fcssen beispielsweise in sauberen und hygienischen Einrichtungen hergestellt werden. Auch hier d\u00fcrfen keine Bestandteile von Schwein oder Alkohol verwendet werden.<\/p>\t\t\t\t\t\t\t\t<\/div>\n\t\t\t\t<\/div>\n\t\t\t\t\t<\/div>\n\t\t<\/div>\n\t\t\t\t<div class=\"elementor-column elementor-col-50 elementor-inner-column elementor-element elementor-element-14125d6a\" data-id=\"14125d6a\" data-element_type=\"column\" data-e-type=\"column\">\n\t\t\t<div class=\"elementor-widget-wrap elementor-element-populated\">\n\t\t\t\t\t\t<div class=\"elementor-element elementor-element-6b42508f elementor-widget elementor-widget-text-editor\" data-id=\"6b42508f\" data-element_type=\"widget\" data-e-type=\"widget\" data-widget_type=\"text-editor.default\">\n\t\t\t\t<div class=\"elementor-widget-container\">\n\t\t\t\t\t\t\t\t\t<p>Es ist auch wichtig zu betonen, dass Halal nicht nur eine Frage des Essens und Trinkens ist. Es bezieht sich auch auf die Art und Weise, wie Muslime leben und handeln.<\/p><p>Zusammenfassend kann man sagen, dass Halal nicht nur ein religi\u00f6ser Grundsatz, sondern auch ein ethisches Konzept ist, das den Muslimen vorschreibt, ihr t\u00e4gliches Leben in \u00dcbereinstimmung mit der Lehre des Islam zu leben. Die Einhaltung dieser Grunds\u00e4tze ist f\u00fcr Muslime von enormer Bedeutung und hat auch Auswirkungen auf die Lebensmittelproduktion und den Verkauf von Nahrungsmitteln auf der ganzen Welt.<\/p>\t\t\t\t\t\t\t\t<\/div>\n\t\t\t\t<\/div>\n\t\t\t\t\t<\/div>\n\t\t<\/div>\n\t\t\t\t\t<\/div>\n\t\t<\/section>\n\t\t\t\t\t<\/div>\n\t\t<\/div>\n\t\t\t\t\t<\/div>\n\t\t<\/section>\n\t\t\t\t<\/div>","protected":false},"excerpt":{"rendered":"<p>Grunds\u00e4tze des Halal Transparente Grunds\u00e4tze Die religi\u00f6sen Grunds\u00e4tze von Halal beziehen sich auf den Lebensmittelkonsum und die Lebensmittelproduktion von Muslimen. Nach islamischen Glaubensvorstellungen sind bestimmte Nahrungsmittel und Praktiken halal (erlaubt) und andere haram (verboten). Erlaubte Nahrungsmittel sind solche, die gem\u00e4\u00df den religi\u00f6sen Vorschriften korrekt hergestellt wurden. Dazu geh\u00f6ren neben dem Fleisch auch das Essen von [&hellip;]<\/p>\n","protected":false},"author":1,"featured_media":0,"parent":0,"menu_order":0,"comment_status":"closed","ping_status":"closed","template":"","meta":{"footnotes":""},"class_list":["post-102","page","type-page","status-publish","hentry"],"yoast_head":"<!-- This site is optimized with the Yoast SEO plugin v27.3 - https:\/\/yoast.com\/product\/yoast-seo-wordpress\/ -->\n<title>Grunds\u00e4tze f\u00fcr Halal - Halal Certification Germany (HCG)<\/title>\n<meta name=\"robots\" content=\"index, follow, max-snippet:-1, max-image-preview:large, max-video-preview:-1\" \/>\n<link rel=\"canonical\" href=\"https:\/\/halal-certification.de\/de\/grundsatze-fur-halal\/\" \/>\n<meta property=\"og:locale\" content=\"de_DE\" \/>\n<meta property=\"og:type\" content=\"article\" \/>\n<meta property=\"og:title\" content=\"Grunds\u00e4tze f\u00fcr Halal - Halal Certification Germany (HCG)\" \/>\n<meta property=\"og:description\" content=\"Grunds\u00e4tze des Halal Transparente Grunds\u00e4tze Die religi\u00f6sen Grunds\u00e4tze von Halal beziehen sich auf den Lebensmittelkonsum und die Lebensmittelproduktion von Muslimen. Nach islamischen Glaubensvorstellungen sind bestimmte Nahrungsmittel und Praktiken halal (erlaubt) und andere haram (verboten). Erlaubte Nahrungsmittel sind solche, die gem\u00e4\u00df den religi\u00f6sen Vorschriften korrekt hergestellt wurden. Dazu geh\u00f6ren neben dem Fleisch auch das Essen von [&hellip;]\" \/>\n<meta property=\"og:url\" content=\"https:\/\/halal-certification.de\/de\/grundsatze-fur-halal\/\" \/>\n<meta property=\"og:site_name\" content=\"Halal Certification Germany (HCG)\" \/>\n<meta property=\"article:modified_time\" content=\"2023-08-17T09:56:42+00:00\" \/>\n<meta property=\"og:image\" content=\"https:\/\/halal-certification.de\/wp-content\/uploads\/2023\/07\/pexels-fauxels-3183165-scaled-1-683x1024.jpg\" \/>\n<meta name=\"twitter:card\" content=\"summary_large_image\" \/>\n<meta name=\"twitter:label1\" content=\"Gesch\u00e4tzte Lesezeit\" \/>\n\t<meta name=\"twitter:data1\" content=\"2\u00a0Minuten\" \/>\n<script type=\"application\/ld+json\" class=\"yoast-schema-graph\">{\"@context\":\"https:\\\/\\\/schema.org\",\"@graph\":[{\"@type\":\"WebPage\",\"@id\":\"https:\\\/\\\/halal-certification.de\\\/grundsatze-fur-halal\",\"url\":\"https:\\\/\\\/halal-certification.de\\\/grundsatze-fur-halal\",\"name\":\"Grunds\u00e4tze f\u00fcr Halal - Halal Certification Germany (HCG)\",\"isPartOf\":{\"@id\":\"https:\\\/\\\/halal-certification.de\\\/#website\"},\"primaryImageOfPage\":{\"@id\":\"https:\\\/\\\/halal-certification.de\\\/grundsatze-fur-halal#primaryimage\"},\"image\":{\"@id\":\"https:\\\/\\\/halal-certification.de\\\/grundsatze-fur-halal#primaryimage\"},\"thumbnailUrl\":\"https:\\\/\\\/halal-certification.de\\\/wp-content\\\/uploads\\\/2023\\\/07\\\/pexels-fauxels-3183165-scaled-1-683x1024.jpg\",\"datePublished\":\"2023-07-13T04:57:08+00:00\",\"dateModified\":\"2023-08-17T09:56:42+00:00\",\"breadcrumb\":{\"@id\":\"https:\\\/\\\/halal-certification.de\\\/grundsatze-fur-halal#breadcrumb\"},\"inLanguage\":\"de\",\"potentialAction\":[{\"@type\":\"ReadAction\",\"target\":[\"https:\\\/\\\/halal-certification.de\\\/grundsatze-fur-halal\"]}]},{\"@type\":\"ImageObject\",\"inLanguage\":\"de\",\"@id\":\"https:\\\/\\\/halal-certification.de\\\/grundsatze-fur-halal#primaryimage\",\"url\":\"https:\\\/\\\/halal-certification.de\\\/wp-content\\\/uploads\\\/2023\\\/07\\\/pexels-fauxels-3183165-scaled-1-683x1024.jpg\",\"contentUrl\":\"https:\\\/\\\/halal-certification.de\\\/wp-content\\\/uploads\\\/2023\\\/07\\\/pexels-fauxels-3183165-scaled-1-683x1024.jpg\"},{\"@type\":\"BreadcrumbList\",\"@id\":\"https:\\\/\\\/halal-certification.de\\\/grundsatze-fur-halal#breadcrumb\",\"itemListElement\":[{\"@type\":\"ListItem\",\"position\":1,\"name\":\"Home\",\"item\":\"https:\\\/\\\/halal-certification.de\\\/\"},{\"@type\":\"ListItem\",\"position\":2,\"name\":\"Grunds\u00e4tze f\u00fcr Halal\"}]},{\"@type\":\"WebSite\",\"@id\":\"https:\\\/\\\/halal-certification.de\\\/#website\",\"url\":\"https:\\\/\\\/halal-certification.de\\\/\",\"name\":\"Halal Certification Germany (HCG)\",\"description\":\"Dein Partner in Halal\",\"publisher\":{\"@id\":\"https:\\\/\\\/halal-certification.de\\\/#organization\"},\"potentialAction\":[{\"@type\":\"SearchAction\",\"target\":{\"@type\":\"EntryPoint\",\"urlTemplate\":\"https:\\\/\\\/halal-certification.de\\\/?s={search_term_string}\"},\"query-input\":{\"@type\":\"PropertyValueSpecification\",\"valueRequired\":true,\"valueName\":\"search_term_string\"}}],\"inLanguage\":\"de\"},{\"@type\":\"Organization\",\"@id\":\"https:\\\/\\\/halal-certification.de\\\/#organization\",\"name\":\"Halal Certification Germany (HCG)\",\"url\":\"https:\\\/\\\/halal-certification.de\\\/\",\"logo\":{\"@type\":\"ImageObject\",\"inLanguage\":\"de\",\"@id\":\"https:\\\/\\\/halal-certification.de\\\/#\\\/schema\\\/logo\\\/image\\\/\",\"url\":\"https:\\\/\\\/halal-certification.de\\\/wp-content\\\/uploads\\\/2023\\\/07\\\/HCG-Logo-png.png\",\"contentUrl\":\"https:\\\/\\\/halal-certification.de\\\/wp-content\\\/uploads\\\/2023\\\/07\\\/HCG-Logo-png.png\",\"width\":355,\"height\":371,\"caption\":\"Halal Certification Germany (HCG)\"},\"image\":{\"@id\":\"https:\\\/\\\/halal-certification.de\\\/#\\\/schema\\\/logo\\\/image\\\/\"}}]}<\/script>\n<!-- \/ Yoast SEO plugin. -->","yoast_head_json":{"title":"Grunds\u00e4tze f\u00fcr Halal - Halal Certification Germany (HCG)","robots":{"index":"index","follow":"follow","max-snippet":"max-snippet:-1","max-image-preview":"max-image-preview:large","max-video-preview":"max-video-preview:-1"},"canonical":"https:\/\/halal-certification.de\/de\/grundsatze-fur-halal\/","og_locale":"de_DE","og_type":"article","og_title":"Grunds\u00e4tze f\u00fcr Halal - Halal Certification Germany (HCG)","og_description":"Grunds\u00e4tze des Halal Transparente Grunds\u00e4tze Die religi\u00f6sen Grunds\u00e4tze von Halal beziehen sich auf den Lebensmittelkonsum und die Lebensmittelproduktion von Muslimen. Nach islamischen Glaubensvorstellungen sind bestimmte Nahrungsmittel und Praktiken halal (erlaubt) und andere haram (verboten). Erlaubte Nahrungsmittel sind solche, die gem\u00e4\u00df den religi\u00f6sen Vorschriften korrekt hergestellt wurden. Dazu geh\u00f6ren neben dem Fleisch auch das Essen von [&hellip;]","og_url":"https:\/\/halal-certification.de\/de\/grundsatze-fur-halal\/","og_site_name":"Halal Certification Germany (HCG)","article_modified_time":"2023-08-17T09:56:42+00:00","og_image":[{"url":"https:\/\/halal-certification.de\/wp-content\/uploads\/2023\/07\/pexels-fauxels-3183165-scaled-1-683x1024.jpg","type":"","width":"","height":""}],"twitter_card":"summary_large_image","twitter_misc":{"Gesch\u00e4tzte Lesezeit":"2\u00a0Minuten"},"schema":{"@context":"https:\/\/schema.org","@graph":[{"@type":"WebPage","@id":"https:\/\/halal-certification.de\/grundsatze-fur-halal","url":"https:\/\/halal-certification.de\/grundsatze-fur-halal","name":"Grunds\u00e4tze f\u00fcr Halal - Halal Certification Germany (HCG)","isPartOf":{"@id":"https:\/\/halal-certification.de\/#website"},"primaryImageOfPage":{"@id":"https:\/\/halal-certification.de\/grundsatze-fur-halal#primaryimage"},"image":{"@id":"https:\/\/halal-certification.de\/grundsatze-fur-halal#primaryimage"},"thumbnailUrl":"https:\/\/halal-certification.de\/wp-content\/uploads\/2023\/07\/pexels-fauxels-3183165-scaled-1-683x1024.jpg","datePublished":"2023-07-13T04:57:08+00:00","dateModified":"2023-08-17T09:56:42+00:00","breadcrumb":{"@id":"https:\/\/halal-certification.de\/grundsatze-fur-halal#breadcrumb"},"inLanguage":"de","potentialAction":[{"@type":"ReadAction","target":["https:\/\/halal-certification.de\/grundsatze-fur-halal"]}]},{"@type":"ImageObject","inLanguage":"de","@id":"https:\/\/halal-certification.de\/grundsatze-fur-halal#primaryimage","url":"https:\/\/halal-certification.de\/wp-content\/uploads\/2023\/07\/pexels-fauxels-3183165-scaled-1-683x1024.jpg","contentUrl":"https:\/\/halal-certification.de\/wp-content\/uploads\/2023\/07\/pexels-fauxels-3183165-scaled-1-683x1024.jpg"},{"@type":"BreadcrumbList","@id":"https:\/\/halal-certification.de\/grundsatze-fur-halal#breadcrumb","itemListElement":[{"@type":"ListItem","position":1,"name":"Home","item":"https:\/\/halal-certification.de\/"},{"@type":"ListItem","position":2,"name":"Grunds\u00e4tze f\u00fcr Halal"}]},{"@type":"WebSite","@id":"https:\/\/halal-certification.de\/#website","url":"https:\/\/halal-certification.de\/","name":"Halal Certification Germany (HCG)","description":"Dein Partner in Halal","publisher":{"@id":"https:\/\/halal-certification.de\/#organization"},"potentialAction":[{"@type":"SearchAction","target":{"@type":"EntryPoint","urlTemplate":"https:\/\/halal-certification.de\/?s={search_term_string}"},"query-input":{"@type":"PropertyValueSpecification","valueRequired":true,"valueName":"search_term_string"}}],"inLanguage":"de"},{"@type":"Organization","@id":"https:\/\/halal-certification.de\/#organization","name":"Halal Certification Germany (HCG)","url":"https:\/\/halal-certification.de\/","logo":{"@type":"ImageObject","inLanguage":"de","@id":"https:\/\/halal-certification.de\/#\/schema\/logo\/image\/","url":"https:\/\/halal-certification.de\/wp-content\/uploads\/2023\/07\/HCG-Logo-png.png","contentUrl":"https:\/\/halal-certification.de\/wp-content\/uploads\/2023\/07\/HCG-Logo-png.png","width":355,"height":371,"caption":"Halal Certification Germany (HCG)"},"image":{"@id":"https:\/\/halal-certification.de\/#\/schema\/logo\/image\/"}}]}},"_links":{"self":[{"href":"https:\/\/halal-certification.de\/de\/wp-json\/wp\/v2\/pages\/102","targetHints":{"allow":["GET"]}}],"collection":[{"href":"https:\/\/halal-certification.de\/de\/wp-json\/wp\/v2\/pages"}],"about":[{"href":"https:\/\/halal-certification.de\/de\/wp-json\/wp\/v2\/types\/page"}],"author":[{"embeddable":true,"href":"https:\/\/halal-certification.de\/de\/wp-json\/wp\/v2\/users\/1"}],"replies":[{"embeddable":true,"href":"https:\/\/halal-certification.de\/de\/wp-json\/wp\/v2\/comments?post=102"}],"version-history":[{"count":10,"href":"https:\/\/halal-certification.de\/de\/wp-json\/wp\/v2\/pages\/102\/revisions"}],"predecessor-version":[{"id":299,"href":"https:\/\/halal-certification.de\/de\/wp-json\/wp\/v2\/pages\/102\/revisions\/299"}],"wp:attachment":[{"href":"https:\/\/halal-certification.de\/de\/wp-json\/wp\/v2\/media?parent=102"}],"curies":[{"name":"wp","href":"https:\/\/api.w.org\/{rel}","templated":true}]}}