{"id":107,"date":"2023-07-13T04:57:11","date_gmt":"2023-07-13T04:57:11","guid":{"rendered":"https:\/\/halal-certification.de\/internationaler-markt"},"modified":"2023-08-17T09:55:57","modified_gmt":"2023-08-17T09:55:57","slug":"internationaler-markt","status":"publish","type":"page","link":"https:\/\/halal-certification.de\/de\/internationaler-markt","title":{"rendered":"Internationaler Markt"},"content":{"rendered":"<div data-elementor-type=\"wp-page\" data-elementor-id=\"107\" class=\"elementor elementor-107\">\n\t\t\t\t\t\t<section class=\"elementor-section elementor-top-section elementor-element elementor-element-8ee708d elementor-section-height-min-height elementor-section-boxed elementor-section-height-default elementor-section-items-middle\" data-id=\"8ee708d\" data-element_type=\"section\" data-e-type=\"section\" data-settings=\"{&quot;background_background&quot;:&quot;classic&quot;}\">\n\t\t\t\t\t\t\t<div class=\"elementor-background-overlay\"><\/div>\n\t\t\t\t\t\t\t<div class=\"elementor-container elementor-column-gap-default\">\n\t\t\t\t\t<div class=\"elementor-column elementor-col-100 elementor-top-column elementor-element elementor-element-3262fca5\" data-id=\"3262fca5\" data-element_type=\"column\" data-e-type=\"column\">\n\t\t\t<div class=\"elementor-widget-wrap elementor-element-populated\">\n\t\t\t\t\t\t<div class=\"elementor-element elementor-element-e6cd9ac elementor-widget elementor-widget-heading\" data-id=\"e6cd9ac\" data-element_type=\"widget\" data-e-type=\"widget\" data-widget_type=\"heading.default\">\n\t\t\t\t<div class=\"elementor-widget-container\">\n\t\t\t\t\t<h1 class=\"elementor-heading-title elementor-size-default\">Internationaler Markt<\/h1>\t\t\t\t<\/div>\n\t\t\t\t<\/div>\n\t\t\t\t\t<\/div>\n\t\t<\/div>\n\t\t\t\t\t<\/div>\n\t\t<\/section>\n\t\t\t\t<section class=\"elementor-section elementor-top-section elementor-element elementor-element-77a77d77 elementor-section-content-middle elementor-section-boxed elementor-section-height-default elementor-section-height-default\" data-id=\"77a77d77\" data-element_type=\"section\" data-e-type=\"section\">\n\t\t\t\t\t\t<div class=\"elementor-container elementor-column-gap-default\">\n\t\t\t\t\t<div class=\"elementor-column elementor-col-100 elementor-top-column elementor-element elementor-element-703f3b0b\" data-id=\"703f3b0b\" data-element_type=\"column\" data-e-type=\"column\">\n\t\t\t<div class=\"elementor-widget-wrap elementor-element-populated\">\n\t\t\t\t\t\t<div class=\"elementor-element elementor-element-38f8b90f elementor-widget elementor-widget-heading\" data-id=\"38f8b90f\" data-element_type=\"widget\" data-e-type=\"widget\" data-widget_type=\"heading.default\">\n\t\t\t\t<div class=\"elementor-widget-container\">\n\t\t\t\t\t<h2 class=\"elementor-heading-title elementor-size-default\">Mit unserem Zertifikat exportieren Sie in viele L\u00e4nder.<\/h2>\t\t\t\t<\/div>\n\t\t\t\t<\/div>\n\t\t\t\t<section class=\"elementor-section elementor-inner-section elementor-element elementor-element-2aaac7c4 elementor-section-boxed elementor-section-height-default elementor-section-height-default\" data-id=\"2aaac7c4\" data-element_type=\"section\" data-e-type=\"section\">\n\t\t\t\t\t\t<div class=\"elementor-container elementor-column-gap-default\">\n\t\t\t\t\t<div class=\"elementor-column elementor-col-50 elementor-inner-column elementor-element elementor-element-7598a6c8\" data-id=\"7598a6c8\" data-element_type=\"column\" data-e-type=\"column\">\n\t\t\t<div class=\"elementor-widget-wrap elementor-element-populated\">\n\t\t\t\t\t\t<div class=\"elementor-element elementor-element-3a4c26aa elementor-widget elementor-widget-text-editor\" data-id=\"3a4c26aa\" data-element_type=\"widget\" data-e-type=\"widget\" data-widget_type=\"text-editor.default\">\n\t\t\t\t<div class=\"elementor-widget-container\">\n\t\t\t\t\t\t\t\t\t<p>Der globale Handelsmarkt im Bereich von Halal ist in den letzten Jahren stark gewachsen. Halal bezeichnet im Islam erlaubte Handlungen und Dinge. In Bezug auf den Handelsmarkt bezieht sich Halal vor allem auf die Produktion und den Verkauf von Lebensmitteln, aber auch auf andere Produkte wie Kosmetik, Medizin oder Kleidung.<\/p>\t\t\t\t\t\t\t\t<\/div>\n\t\t\t\t<\/div>\n\t\t\t\t\t<\/div>\n\t\t<\/div>\n\t\t\t\t<div class=\"elementor-column elementor-col-50 elementor-inner-column elementor-element elementor-element-39001454\" data-id=\"39001454\" data-element_type=\"column\" data-e-type=\"column\">\n\t\t\t<div class=\"elementor-widget-wrap elementor-element-populated\">\n\t\t\t\t\t\t<div class=\"elementor-element elementor-element-6f993260 elementor-widget elementor-widget-text-editor\" data-id=\"6f993260\" data-element_type=\"widget\" data-e-type=\"widget\" data-widget_type=\"text-editor.default\">\n\t\t\t\t<div class=\"elementor-widget-container\">\n\t\t\t\t\t\t\t\t\t<p>Das Interesse an Halal-Produkten ist in den letzten Jahren vor allem in muslimischen L\u00e4ndern, aber auch in anderen L\u00e4ndern wie zum Beispiel Deutschland oder Frankreich gestiegen. Immer mehr Unternehmen sehen die Chance, in diesen Markt zu investieren. Dabei geht es nicht nur darum, die religi\u00f6sen Bed\u00fcrfnisse der Muslime zu erf\u00fcllen, sondern auch um wirtschaftliche Vorteile.<\/p>\t\t\t\t\t\t\t\t<\/div>\n\t\t\t\t<\/div>\n\t\t\t\t\t<\/div>\n\t\t<\/div>\n\t\t\t\t\t<\/div>\n\t\t<\/section>\n\t\t\t\t\t<\/div>\n\t\t<\/div>\n\t\t\t\t\t<\/div>\n\t\t<\/section>\n\t\t\t\t<section class=\"elementor-section elementor-top-section elementor-element elementor-element-29e76d19 elementor-section-full_width elementor-section-height-default elementor-section-height-default\" data-id=\"29e76d19\" data-element_type=\"section\" data-e-type=\"section\" data-settings=\"{&quot;background_background&quot;:&quot;classic&quot;}\">\n\t\t\t\t\t\t\t<div class=\"elementor-background-overlay\"><\/div>\n\t\t\t\t\t\t\t<div class=\"elementor-container elementor-column-gap-no\">\n\t\t\t\t\t<div class=\"elementor-column elementor-col-100 elementor-top-column elementor-element elementor-element-49eccefb\" data-id=\"49eccefb\" data-element_type=\"column\" data-e-type=\"column\">\n\t\t\t<div class=\"elementor-widget-wrap elementor-element-populated\">\n\t\t\t\t\t\t<section class=\"elementor-section elementor-inner-section elementor-element elementor-element-42466059 elementor-section-content-middle elementor-section-boxed elementor-section-height-default elementor-section-height-default\" data-id=\"42466059\" data-element_type=\"section\" data-e-type=\"section\">\n\t\t\t\t\t\t<div class=\"elementor-container elementor-column-gap-default\">\n\t\t\t\t\t<div class=\"elementor-column elementor-col-50 elementor-inner-column elementor-element elementor-element-482e96c6\" data-id=\"482e96c6\" data-element_type=\"column\" data-e-type=\"column\">\n\t\t\t<div class=\"elementor-widget-wrap elementor-element-populated\">\n\t\t\t\t\t\t<div class=\"elementor-element elementor-element-132935fc elementor-widget elementor-widget-heading\" data-id=\"132935fc\" data-element_type=\"widget\" data-e-type=\"widget\" data-widget_type=\"heading.default\">\n\t\t\t\t<div class=\"elementor-widget-container\">\n\t\t\t\t\t<h2 class=\"elementor-heading-title elementor-size-default\">Potentieller Wirtschaftszweig.<\/h2>\t\t\t\t<\/div>\n\t\t\t\t<\/div>\n\t\t\t\t<div class=\"elementor-element elementor-element-476ead53 elementor-widget elementor-widget-spacer\" data-id=\"476ead53\" data-element_type=\"widget\" data-e-type=\"widget\" data-widget_type=\"spacer.default\">\n\t\t\t\t<div class=\"elementor-widget-container\">\n\t\t\t\t\t\t\t<div class=\"elementor-spacer\">\n\t\t\t<div class=\"elementor-spacer-inner\"><\/div>\n\t\t<\/div>\n\t\t\t\t\t\t<\/div>\n\t\t\t\t<\/div>\n\t\t\t\t<div class=\"elementor-element elementor-element-18c668f3 elementor-widget__width-initial elementor-widget elementor-widget-text-editor\" data-id=\"18c668f3\" data-element_type=\"widget\" data-e-type=\"widget\" data-widget_type=\"text-editor.default\">\n\t\t\t\t<div class=\"elementor-widget-container\">\n\t\t\t\t\t\t\t\t\t<p>In vielen muslimischen L\u00e4ndern gibt es eine steigende Nachfrage nach Halal-Produkten, was zu einem Anstieg der Halal-Industrie f\u00fchrt. Aber auch Nicht-Muslime nutzen Halal-Produkte aufgrund der hohen Qualit\u00e4t und Lebensmittelsicherheit.<\/p><p>Der globale Handelsmarkt im Bereich von Halal bietet Unternehmen viele M\u00f6glichkeiten, sich zu engagieren. Da der Markt noch relativ neu und stark fragmentiert ist, ist es f\u00fcr Unternehmen besonders wichtig, sich \u00fcber die Bed\u00fcrfnisse und Anforderungen der Zielgruppe zu informieren.<\/p><p>Insgesamt ist der Halal-Markt ein wichtiger Wirtschaftszweig mit einem gro\u00dfen Potenzial f\u00fcr Wachstum und Erfolg. Unternehmen, die fr\u00fch genug in diesen Markt eintreten, k\u00f6nnen von den sich bietenden Chancen profitieren.<\/p>\t\t\t\t\t\t\t\t<\/div>\n\t\t\t\t<\/div>\n\t\t\t\t\t<\/div>\n\t\t<\/div>\n\t\t\t\t<div class=\"elementor-column elementor-col-50 elementor-inner-column elementor-element elementor-element-38e12463\" data-id=\"38e12463\" data-element_type=\"column\" data-e-type=\"column\">\n\t\t\t<div class=\"elementor-widget-wrap elementor-element-populated\">\n\t\t\t\t\t\t<div class=\"elementor-element elementor-element-bb944cf elementor-widget elementor-widget-image\" data-id=\"bb944cf\" data-element_type=\"widget\" data-e-type=\"widget\" data-widget_type=\"image.default\">\n\t\t\t\t<div class=\"elementor-widget-container\">\n\t\t\t\t\t\t\t\t\t\t\t\t\t\t\t<img fetchpriority=\"high\" decoding=\"async\" width=\"683\" height=\"1024\" src=\"https:\/\/halal-certification.de\/wp-content\/uploads\/2023\/08\/pexels-monstera-7411973-683x1024.jpg\" class=\"attachment-large size-large wp-image-284\" alt=\"\" srcset=\"https:\/\/halal-certification.de\/wp-content\/uploads\/2023\/08\/pexels-monstera-7411973-683x1024.jpg 683w, https:\/\/halal-certification.de\/wp-content\/uploads\/2023\/08\/pexels-monstera-7411973-200x300.jpg 200w, https:\/\/halal-certification.de\/wp-content\/uploads\/2023\/08\/pexels-monstera-7411973-768x1152.jpg 768w, https:\/\/halal-certification.de\/wp-content\/uploads\/2023\/08\/pexels-monstera-7411973-1024x1536.jpg 1024w, https:\/\/halal-certification.de\/wp-content\/uploads\/2023\/08\/pexels-monstera-7411973-1365x2048.jpg 1365w, https:\/\/halal-certification.de\/wp-content\/uploads\/2023\/08\/pexels-monstera-7411973-8x12.jpg 8w, https:\/\/halal-certification.de\/wp-content\/uploads\/2023\/08\/pexels-monstera-7411973-scaled.jpg 1707w\" sizes=\"(max-width: 683px) 100vw, 683px\" \/>\t\t\t\t\t\t\t\t\t\t\t\t\t\t\t<\/div>\n\t\t\t\t<\/div>\n\t\t\t\t\t<\/div>\n\t\t<\/div>\n\t\t\t\t\t<\/div>\n\t\t<\/section>\n\t\t\t\t\t<\/div>\n\t\t<\/div>\n\t\t\t\t\t<\/div>\n\t\t<\/section>\n\t\t\t\t<\/div>","protected":false},"excerpt":{"rendered":"<p>Internationaler Markt Mit unserem Zertifikat exportieren Sie in viele L\u00e4nder. Der globale Handelsmarkt im Bereich von Halal ist in den letzten Jahren stark gewachsen. Halal bezeichnet im Islam erlaubte Handlungen und Dinge. In Bezug auf den Handelsmarkt bezieht sich Halal vor allem auf die Produktion und den Verkauf von Lebensmitteln, aber auch auf andere Produkte [&hellip;]<\/p>\n","protected":false},"author":1,"featured_media":0,"parent":0,"menu_order":0,"comment_status":"closed","ping_status":"closed","template":"","meta":{"footnotes":""},"class_list":["post-107","page","type-page","status-publish","hentry"],"yoast_head":"<!-- This site is optimized with the Yoast SEO plugin v27.3 - https:\/\/yoast.com\/product\/yoast-seo-wordpress\/ -->\n<title>Internationaler Markt - Halal Certification Germany (HCG)<\/title>\n<meta name=\"robots\" content=\"index, follow, max-snippet:-1, max-image-preview:large, max-video-preview:-1\" \/>\n<link rel=\"canonical\" href=\"https:\/\/halal-certification.de\/de\/internationaler-markt\/\" \/>\n<meta property=\"og:locale\" content=\"de_DE\" \/>\n<meta property=\"og:type\" content=\"article\" \/>\n<meta property=\"og:title\" content=\"Internationaler Markt - Halal Certification Germany (HCG)\" \/>\n<meta property=\"og:description\" content=\"Internationaler Markt Mit unserem Zertifikat exportieren Sie in viele L\u00e4nder. Der globale Handelsmarkt im Bereich von Halal ist in den letzten Jahren stark gewachsen. Halal bezeichnet im Islam erlaubte Handlungen und Dinge. In Bezug auf den Handelsmarkt bezieht sich Halal vor allem auf die Produktion und den Verkauf von Lebensmitteln, aber auch auf andere Produkte [&hellip;]\" \/>\n<meta property=\"og:url\" content=\"https:\/\/halal-certification.de\/de\/internationaler-markt\/\" \/>\n<meta property=\"og:site_name\" content=\"Halal Certification Germany (HCG)\" \/>\n<meta property=\"article:modified_time\" content=\"2023-08-17T09:55:57+00:00\" \/>\n<meta property=\"og:image\" content=\"https:\/\/halal-certification.de\/wp-content\/uploads\/2023\/08\/pexels-monstera-7411973-683x1024.jpg\" \/>\n<meta name=\"twitter:card\" content=\"summary_large_image\" \/>\n<meta name=\"twitter:label1\" content=\"Gesch\u00e4tzte Lesezeit\" \/>\n\t<meta name=\"twitter:data1\" content=\"2\u00a0Minuten\" \/>\n<script type=\"application\/ld+json\" class=\"yoast-schema-graph\">{\"@context\":\"https:\\\/\\\/schema.org\",\"@graph\":[{\"@type\":\"WebPage\",\"@id\":\"https:\\\/\\\/halal-certification.de\\\/internationaler-markt\",\"url\":\"https:\\\/\\\/halal-certification.de\\\/internationaler-markt\",\"name\":\"Internationaler Markt - Halal Certification Germany (HCG)\",\"isPartOf\":{\"@id\":\"https:\\\/\\\/halal-certification.de\\\/#website\"},\"primaryImageOfPage\":{\"@id\":\"https:\\\/\\\/halal-certification.de\\\/internationaler-markt#primaryimage\"},\"image\":{\"@id\":\"https:\\\/\\\/halal-certification.de\\\/internationaler-markt#primaryimage\"},\"thumbnailUrl\":\"https:\\\/\\\/halal-certification.de\\\/wp-content\\\/uploads\\\/2023\\\/08\\\/pexels-monstera-7411973-683x1024.jpg\",\"datePublished\":\"2023-07-13T04:57:11+00:00\",\"dateModified\":\"2023-08-17T09:55:57+00:00\",\"breadcrumb\":{\"@id\":\"https:\\\/\\\/halal-certification.de\\\/internationaler-markt#breadcrumb\"},\"inLanguage\":\"de\",\"potentialAction\":[{\"@type\":\"ReadAction\",\"target\":[\"https:\\\/\\\/halal-certification.de\\\/internationaler-markt\"]}]},{\"@type\":\"ImageObject\",\"inLanguage\":\"de\",\"@id\":\"https:\\\/\\\/halal-certification.de\\\/internationaler-markt#primaryimage\",\"url\":\"https:\\\/\\\/halal-certification.de\\\/wp-content\\\/uploads\\\/2023\\\/08\\\/pexels-monstera-7411973-683x1024.jpg\",\"contentUrl\":\"https:\\\/\\\/halal-certification.de\\\/wp-content\\\/uploads\\\/2023\\\/08\\\/pexels-monstera-7411973-683x1024.jpg\"},{\"@type\":\"BreadcrumbList\",\"@id\":\"https:\\\/\\\/halal-certification.de\\\/internationaler-markt#breadcrumb\",\"itemListElement\":[{\"@type\":\"ListItem\",\"position\":1,\"name\":\"Home\",\"item\":\"https:\\\/\\\/halal-certification.de\\\/\"},{\"@type\":\"ListItem\",\"position\":2,\"name\":\"Internationaler Markt\"}]},{\"@type\":\"WebSite\",\"@id\":\"https:\\\/\\\/halal-certification.de\\\/#website\",\"url\":\"https:\\\/\\\/halal-certification.de\\\/\",\"name\":\"Halal Certification Germany (HCG)\",\"description\":\"Dein Partner in Halal\",\"publisher\":{\"@id\":\"https:\\\/\\\/halal-certification.de\\\/#organization\"},\"potentialAction\":[{\"@type\":\"SearchAction\",\"target\":{\"@type\":\"EntryPoint\",\"urlTemplate\":\"https:\\\/\\\/halal-certification.de\\\/?s={search_term_string}\"},\"query-input\":{\"@type\":\"PropertyValueSpecification\",\"valueRequired\":true,\"valueName\":\"search_term_string\"}}],\"inLanguage\":\"de\"},{\"@type\":\"Organization\",\"@id\":\"https:\\\/\\\/halal-certification.de\\\/#organization\",\"name\":\"Halal Certification Germany (HCG)\",\"url\":\"https:\\\/\\\/halal-certification.de\\\/\",\"logo\":{\"@type\":\"ImageObject\",\"inLanguage\":\"de\",\"@id\":\"https:\\\/\\\/halal-certification.de\\\/#\\\/schema\\\/logo\\\/image\\\/\",\"url\":\"https:\\\/\\\/halal-certification.de\\\/wp-content\\\/uploads\\\/2023\\\/07\\\/HCG-Logo-png.png\",\"contentUrl\":\"https:\\\/\\\/halal-certification.de\\\/wp-content\\\/uploads\\\/2023\\\/07\\\/HCG-Logo-png.png\",\"width\":355,\"height\":371,\"caption\":\"Halal Certification Germany (HCG)\"},\"image\":{\"@id\":\"https:\\\/\\\/halal-certification.de\\\/#\\\/schema\\\/logo\\\/image\\\/\"}}]}<\/script>\n<!-- \/ Yoast SEO plugin. -->","yoast_head_json":{"title":"Internationaler Markt - Halal Certification Germany (HCG)","robots":{"index":"index","follow":"follow","max-snippet":"max-snippet:-1","max-image-preview":"max-image-preview:large","max-video-preview":"max-video-preview:-1"},"canonical":"https:\/\/halal-certification.de\/de\/internationaler-markt\/","og_locale":"de_DE","og_type":"article","og_title":"Internationaler Markt - Halal Certification Germany (HCG)","og_description":"Internationaler Markt Mit unserem Zertifikat exportieren Sie in viele L\u00e4nder. Der globale Handelsmarkt im Bereich von Halal ist in den letzten Jahren stark gewachsen. Halal bezeichnet im Islam erlaubte Handlungen und Dinge. In Bezug auf den Handelsmarkt bezieht sich Halal vor allem auf die Produktion und den Verkauf von Lebensmitteln, aber auch auf andere Produkte [&hellip;]","og_url":"https:\/\/halal-certification.de\/de\/internationaler-markt\/","og_site_name":"Halal Certification Germany (HCG)","article_modified_time":"2023-08-17T09:55:57+00:00","og_image":[{"url":"https:\/\/halal-certification.de\/wp-content\/uploads\/2023\/08\/pexels-monstera-7411973-683x1024.jpg","type":"","width":"","height":""}],"twitter_card":"summary_large_image","twitter_misc":{"Gesch\u00e4tzte Lesezeit":"2\u00a0Minuten"},"schema":{"@context":"https:\/\/schema.org","@graph":[{"@type":"WebPage","@id":"https:\/\/halal-certification.de\/internationaler-markt","url":"https:\/\/halal-certification.de\/internationaler-markt","name":"Internationaler Markt - Halal Certification Germany (HCG)","isPartOf":{"@id":"https:\/\/halal-certification.de\/#website"},"primaryImageOfPage":{"@id":"https:\/\/halal-certification.de\/internationaler-markt#primaryimage"},"image":{"@id":"https:\/\/halal-certification.de\/internationaler-markt#primaryimage"},"thumbnailUrl":"https:\/\/halal-certification.de\/wp-content\/uploads\/2023\/08\/pexels-monstera-7411973-683x1024.jpg","datePublished":"2023-07-13T04:57:11+00:00","dateModified":"2023-08-17T09:55:57+00:00","breadcrumb":{"@id":"https:\/\/halal-certification.de\/internationaler-markt#breadcrumb"},"inLanguage":"de","potentialAction":[{"@type":"ReadAction","target":["https:\/\/halal-certification.de\/internationaler-markt"]}]},{"@type":"ImageObject","inLanguage":"de","@id":"https:\/\/halal-certification.de\/internationaler-markt#primaryimage","url":"https:\/\/halal-certification.de\/wp-content\/uploads\/2023\/08\/pexels-monstera-7411973-683x1024.jpg","contentUrl":"https:\/\/halal-certification.de\/wp-content\/uploads\/2023\/08\/pexels-monstera-7411973-683x1024.jpg"},{"@type":"BreadcrumbList","@id":"https:\/\/halal-certification.de\/internationaler-markt#breadcrumb","itemListElement":[{"@type":"ListItem","position":1,"name":"Home","item":"https:\/\/halal-certification.de\/"},{"@type":"ListItem","position":2,"name":"Internationaler Markt"}]},{"@type":"WebSite","@id":"https:\/\/halal-certification.de\/#website","url":"https:\/\/halal-certification.de\/","name":"Halal Certification Germany (HCG)","description":"Dein Partner in Halal","publisher":{"@id":"https:\/\/halal-certification.de\/#organization"},"potentialAction":[{"@type":"SearchAction","target":{"@type":"EntryPoint","urlTemplate":"https:\/\/halal-certification.de\/?s={search_term_string}"},"query-input":{"@type":"PropertyValueSpecification","valueRequired":true,"valueName":"search_term_string"}}],"inLanguage":"de"},{"@type":"Organization","@id":"https:\/\/halal-certification.de\/#organization","name":"Halal Certification Germany (HCG)","url":"https:\/\/halal-certification.de\/","logo":{"@type":"ImageObject","inLanguage":"de","@id":"https:\/\/halal-certification.de\/#\/schema\/logo\/image\/","url":"https:\/\/halal-certification.de\/wp-content\/uploads\/2023\/07\/HCG-Logo-png.png","contentUrl":"https:\/\/halal-certification.de\/wp-content\/uploads\/2023\/07\/HCG-Logo-png.png","width":355,"height":371,"caption":"Halal Certification Germany (HCG)"},"image":{"@id":"https:\/\/halal-certification.de\/#\/schema\/logo\/image\/"}}]}},"_links":{"self":[{"href":"https:\/\/halal-certification.de\/de\/wp-json\/wp\/v2\/pages\/107","targetHints":{"allow":["GET"]}}],"collection":[{"href":"https:\/\/halal-certification.de\/de\/wp-json\/wp\/v2\/pages"}],"about":[{"href":"https:\/\/halal-certification.de\/de\/wp-json\/wp\/v2\/types\/page"}],"author":[{"embeddable":true,"href":"https:\/\/halal-certification.de\/de\/wp-json\/wp\/v2\/users\/1"}],"replies":[{"embeddable":true,"href":"https:\/\/halal-certification.de\/de\/wp-json\/wp\/v2\/comments?post=107"}],"version-history":[{"count":13,"href":"https:\/\/halal-certification.de\/de\/wp-json\/wp\/v2\/pages\/107\/revisions"}],"predecessor-version":[{"id":293,"href":"https:\/\/halal-certification.de\/de\/wp-json\/wp\/v2\/pages\/107\/revisions\/293"}],"wp:attachment":[{"href":"https:\/\/halal-certification.de\/de\/wp-json\/wp\/v2\/media?parent=107"}],"curies":[{"name":"wp","href":"https:\/\/api.w.org\/{rel}","templated":true}]}}