{"id":130,"date":"2023-07-13T04:57:18","date_gmt":"2023-07-13T04:57:18","guid":{"rendered":"https:\/\/halal-certification.de\/hcg-2"},"modified":"2023-07-13T13:39:40","modified_gmt":"2023-07-13T13:39:40","slug":"uber-uns-2","status":"publish","type":"page","link":"https:\/\/halal-certification.de\/de\/uber-uns-2","title":{"rendered":"\u00dcber uns"},"content":{"rendered":"<div data-elementor-type=\"wp-page\" data-elementor-id=\"130\" class=\"elementor elementor-130\">\n\t\t\t\t\t\t<section class=\"elementor-section elementor-top-section elementor-element elementor-element-398ed413 elementor-section-height-min-height elementor-section-boxed elementor-section-height-default elementor-section-items-middle\" data-id=\"398ed413\" data-element_type=\"section\" data-e-type=\"section\" data-settings=\"{&quot;background_background&quot;:&quot;classic&quot;,&quot;background_motion_fx_motion_fx_mouse&quot;:&quot;yes&quot;,&quot;background_motion_fx_mouseTrack_effect&quot;:&quot;yes&quot;,&quot;background_motion_fx_mouseTrack_speed&quot;:{&quot;unit&quot;:&quot;px&quot;,&quot;size&quot;:1,&quot;sizes&quot;:[]}}\">\n\t\t\t\t\t\t\t<div class=\"elementor-background-overlay\"><\/div>\n\t\t\t\t\t\t\t<div class=\"elementor-container elementor-column-gap-default\">\n\t\t\t\t\t<div class=\"elementor-column elementor-col-100 elementor-top-column elementor-element elementor-element-7521b264\" data-id=\"7521b264\" data-element_type=\"column\" data-e-type=\"column\">\n\t\t\t<div class=\"elementor-widget-wrap elementor-element-populated\">\n\t\t\t\t\t\t<div class=\"elementor-element elementor-element-27537875 elementor-widget elementor-widget-heading\" data-id=\"27537875\" data-element_type=\"widget\" data-e-type=\"widget\" data-widget_type=\"heading.default\">\n\t\t\t\t<div class=\"elementor-widget-container\">\n\t\t\t\t\t<h1 class=\"elementor-heading-title elementor-size-default\">\u00dcber uns<\/h1>\t\t\t\t<\/div>\n\t\t\t\t<\/div>\n\t\t\t\t\t<\/div>\n\t\t<\/div>\n\t\t\t\t\t<\/div>\n\t\t<\/section>\n\t\t\t\t<section class=\"elementor-section elementor-top-section elementor-element elementor-element-5be52106 elementor-section-content-middle elementor-section-boxed elementor-section-height-default elementor-section-height-default\" data-id=\"5be52106\" data-element_type=\"section\" data-e-type=\"section\">\n\t\t\t\t\t\t<div class=\"elementor-container elementor-column-gap-default\">\n\t\t\t\t\t<div class=\"elementor-column elementor-col-50 elementor-top-column elementor-element elementor-element-4f5c8ba1\" data-id=\"4f5c8ba1\" data-element_type=\"column\" data-e-type=\"column\">\n\t\t\t<div class=\"elementor-widget-wrap elementor-element-populated\">\n\t\t\t\t\t\t<div class=\"elementor-element elementor-element-77f96a18 elementor-widget elementor-widget-heading\" data-id=\"77f96a18\" data-element_type=\"widget\" data-e-type=\"widget\" data-widget_type=\"heading.default\">\n\t\t\t\t<div class=\"elementor-widget-container\">\n\t\t\t\t\t<h4 class=\"elementor-heading-title elementor-size-default\">\u00dcber Halal Certification Germany (HCG)<\/h4>\t\t\t\t<\/div>\n\t\t\t\t<\/div>\n\t\t\t\t<div class=\"elementor-element elementor-element-3d382ddb elementor-widget elementor-widget-heading\" data-id=\"3d382ddb\" data-element_type=\"widget\" data-e-type=\"widget\" data-widget_type=\"heading.default\">\n\t\t\t\t<div class=\"elementor-widget-container\">\n\t\t\t\t\t<h2 class=\"elementor-heading-title elementor-size-default\">Qualit\u00e4t. Einfach.<br>Professionell.<\/h2>\t\t\t\t<\/div>\n\t\t\t\t<\/div>\n\t\t\t\t<div class=\"elementor-element elementor-element-e4be8da elementor-widget elementor-widget-text-editor\" data-id=\"e4be8da\" data-element_type=\"widget\" data-e-type=\"widget\" data-widget_type=\"text-editor.default\">\n\t\t\t\t<div class=\"elementor-widget-container\">\n\t\t\t\t\t\t\t\t\t<p>Das Halal Zertifizierungsinstitut Halal Certification Germany (HCG) ist eine unabh\u00e4ngige und international anerkannte Zertifizierungsstelle f\u00fcr Halal-Produkte in Deutschland. Das Institut wurde im Jahr 2013 mit dem Ziel gegr\u00fcndet, Betrieben eine unkomplizierte und kosteneffiziente M\u00f6glichkeit zu bieten, ihre Produkte durch eine Halal-Zertifizierung f\u00fcr den internationalen Halal-Markt zu qualifizieren.<\/p>\t\t\t\t\t\t\t\t<\/div>\n\t\t\t\t<\/div>\n\t\t\t\t\t<\/div>\n\t\t<\/div>\n\t\t\t\t<div class=\"elementor-column elementor-col-50 elementor-top-column elementor-element elementor-element-657b4903\" data-id=\"657b4903\" data-element_type=\"column\" data-e-type=\"column\">\n\t\t\t<div class=\"elementor-widget-wrap elementor-element-populated\">\n\t\t\t\t\t\t<div class=\"elementor-element elementor-element-6b46996b elementor-widget elementor-widget-image\" data-id=\"6b46996b\" data-element_type=\"widget\" data-e-type=\"widget\" data-widget_type=\"image.default\">\n\t\t\t\t<div class=\"elementor-widget-container\">\n\t\t\t\t\t\t\t\t\t\t\t\t\t\t\t<img fetchpriority=\"high\" decoding=\"async\" width=\"355\" height=\"371\" src=\"https:\/\/halal-certification.de\/wp-content\/uploads\/2023\/07\/HCG-Logo-png-1.png\" class=\"attachment-large size-large wp-image-30\" alt=\"\" srcset=\"https:\/\/halal-certification.de\/wp-content\/uploads\/2023\/07\/HCG-Logo-png-1.png 355w, https:\/\/halal-certification.de\/wp-content\/uploads\/2023\/07\/HCG-Logo-png-1-287x300.png 287w, https:\/\/halal-certification.de\/wp-content\/uploads\/2023\/07\/HCG-Logo-png-1-11x12.png 11w\" sizes=\"(max-width: 355px) 100vw, 355px\" \/>\t\t\t\t\t\t\t\t\t\t\t\t\t\t\t<\/div>\n\t\t\t\t<\/div>\n\t\t\t\t\t<\/div>\n\t\t<\/div>\n\t\t\t\t\t<\/div>\n\t\t<\/section>\n\t\t\t\t<section class=\"elementor-section elementor-top-section elementor-element elementor-element-65fce560 elementor-section-full_width elementor-section-height-default elementor-section-height-default\" data-id=\"65fce560\" data-element_type=\"section\" data-e-type=\"section\" data-settings=\"{&quot;background_background&quot;:&quot;classic&quot;}\">\n\t\t\t\t\t\t\t<div class=\"elementor-background-overlay\"><\/div>\n\t\t\t\t\t\t\t<div class=\"elementor-container elementor-column-gap-no\">\n\t\t\t\t\t<div class=\"elementor-column elementor-col-100 elementor-top-column elementor-element elementor-element-4f72e952\" data-id=\"4f72e952\" data-element_type=\"column\" data-e-type=\"column\">\n\t\t\t<div class=\"elementor-widget-wrap elementor-element-populated\">\n\t\t\t\t\t\t<section class=\"elementor-section elementor-inner-section elementor-element elementor-element-9a03f4b elementor-section-content-middle elementor-section-boxed elementor-section-height-default elementor-section-height-default\" data-id=\"9a03f4b\" data-element_type=\"section\" data-e-type=\"section\">\n\t\t\t\t\t\t<div class=\"elementor-container elementor-column-gap-default\">\n\t\t\t\t\t<div class=\"elementor-column elementor-col-50 elementor-inner-column elementor-element elementor-element-25867ef0\" data-id=\"25867ef0\" data-element_type=\"column\" data-e-type=\"column\">\n\t\t\t<div class=\"elementor-widget-wrap elementor-element-populated\">\n\t\t\t\t\t\t<div class=\"elementor-element elementor-element-794f1851 elementor-widget elementor-widget-text-editor\" data-id=\"794f1851\" data-element_type=\"widget\" data-e-type=\"widget\" data-widget_type=\"text-editor.default\">\n\t\t\t\t<div class=\"elementor-widget-container\">\n\t\t\t\t\t\t\t\t\t<p>Das HCG f\u00fchrt Inspektionen und \u00dcberpr\u00fcfungen durch, um sicherzustellen, dass Produkte den Anforderungen des islamischen Rechts entsprechen. Hierbei ber\u00fccksichtigt das Institut sowohl die Grunds\u00e4tze der Halal-Herstellung als auch die Vorschriften des deutschen Lebensmittelrechts. Zu den Produkten, die vom HCG zertifiziert werden k\u00f6nnen, geh\u00f6ren beispielsweise Fleisch, Lebensmittel, Kosmetika, Arzneimittel und technische Produkte.<\/p>\t\t\t\t\t\t\t\t<\/div>\n\t\t\t\t<\/div>\n\t\t\t\t\t<\/div>\n\t\t<\/div>\n\t\t\t\t<div class=\"elementor-column elementor-col-50 elementor-inner-column elementor-element elementor-element-647cc772\" data-id=\"647cc772\" data-element_type=\"column\" data-e-type=\"column\">\n\t\t\t<div class=\"elementor-widget-wrap elementor-element-populated\">\n\t\t\t\t\t\t<div class=\"elementor-element elementor-element-22292b0 elementor-widget__width-initial elementor-widget elementor-widget-heading\" data-id=\"22292b0\" data-element_type=\"widget\" data-e-type=\"widget\" data-widget_type=\"heading.default\">\n\t\t\t\t<div class=\"elementor-widget-container\">\n\t\t\t\t\t<h2 class=\"elementor-heading-title elementor-size-default\">Unkompliziert\nund zuverl\u00e4ssig.<\/h2>\t\t\t\t<\/div>\n\t\t\t\t<\/div>\n\t\t\t\t\t<\/div>\n\t\t<\/div>\n\t\t\t\t\t<\/div>\n\t\t<\/section>\n\t\t\t\t\t<\/div>\n\t\t<\/div>\n\t\t\t\t\t<\/div>\n\t\t<\/section>\n\t\t\t\t<section class=\"elementor-section elementor-top-section elementor-element elementor-element-2bceee7f elementor-section-boxed elementor-section-height-default elementor-section-height-default\" data-id=\"2bceee7f\" data-element_type=\"section\" data-e-type=\"section\" data-settings=\"{&quot;background_background&quot;:&quot;classic&quot;}\">\n\t\t\t\t\t\t<div class=\"elementor-container elementor-column-gap-default\">\n\t\t\t\t\t<div class=\"elementor-column elementor-col-100 elementor-top-column elementor-element elementor-element-4a21e079\" data-id=\"4a21e079\" data-element_type=\"column\" data-e-type=\"column\">\n\t\t\t<div class=\"elementor-widget-wrap elementor-element-populated\">\n\t\t\t\t\t\t<section class=\"elementor-section elementor-inner-section elementor-element elementor-element-590372b2 elementor-section-content-middle elementor-section-boxed elementor-section-height-default elementor-section-height-default\" data-id=\"590372b2\" data-element_type=\"section\" data-e-type=\"section\">\n\t\t\t\t\t\t<div class=\"elementor-container elementor-column-gap-default\">\n\t\t\t\t\t<div class=\"elementor-column elementor-col-50 elementor-inner-column elementor-element elementor-element-2d314fcc\" data-id=\"2d314fcc\" data-element_type=\"column\" data-e-type=\"column\">\n\t\t\t<div class=\"elementor-widget-wrap elementor-element-populated\">\n\t\t\t\t\t\t<div class=\"elementor-element elementor-element-fa36415 elementor-widget elementor-widget-heading\" data-id=\"fa36415\" data-element_type=\"widget\" data-e-type=\"widget\" data-widget_type=\"heading.default\">\n\t\t\t\t<div class=\"elementor-widget-container\">\n\t\t\t\t\t<h2 class=\"elementor-heading-title elementor-size-default\">Lassen Sie sich\nzertifizieren.<\/h2>\t\t\t\t<\/div>\n\t\t\t\t<\/div>\n\t\t\t\t\t<\/div>\n\t\t<\/div>\n\t\t\t\t<div class=\"elementor-column elementor-col-50 elementor-inner-column elementor-element elementor-element-2e8e673c\" data-id=\"2e8e673c\" data-element_type=\"column\" data-e-type=\"column\">\n\t\t\t<div class=\"elementor-widget-wrap elementor-element-populated\">\n\t\t\t\t\t\t<div class=\"elementor-element elementor-element-4be5abb3 elementor-widget elementor-widget-text-editor\" data-id=\"4be5abb3\" data-element_type=\"widget\" data-e-type=\"widget\" data-widget_type=\"text-editor.default\">\n\t\t\t\t<div class=\"elementor-widget-container\">\n\t\t\t\t\t\t\t\t\t<p>Das Halal Zertifizierungsinstitut Halal Certification Germany (HCG) ist eine anerkannte und akkreditierte Zertifizierungsstelle und arbeitet eng mit anderen Halal-Zertifizierungsstellen in Europa und weltweit zusammen, um sicherzustellen, dass die internationalen Standards eingehalten werden. Die Zertifizierung von Produkten durch das HCG erm\u00f6glicht es Unternehmen, ihre Produkte auf dem wachsenden Halal-Markt anzubieten und neue M\u00f6glichkeiten im In- und Ausland zu erschlie\u00dfen.<\/p>\t\t\t\t\t\t\t\t<\/div>\n\t\t\t\t<\/div>\n\t\t\t\t\t<\/div>\n\t\t<\/div>\n\t\t\t\t\t<\/div>\n\t\t<\/section>\n\t\t\t\t\t<\/div>\n\t\t<\/div>\n\t\t\t\t\t<\/div>\n\t\t<\/section>\n\t\t\t\t<\/div>","protected":false},"excerpt":{"rendered":"<p>\u00dcber uns \u00dcber Halal Certification Germany (HCG) Qualit\u00e4t. Einfach. Professionell. Das Halal Zertifizierungsinstitut Halal Certification Germany (HCG) ist eine unabh\u00e4ngige und international anerkannte Zertifizierungsstelle f\u00fcr Halal-Produkte in Deutschland. Das Institut wurde im Jahr 2013 mit dem Ziel gegr\u00fcndet, Betrieben eine unkomplizierte und kosteneffiziente M\u00f6glichkeit zu bieten, ihre Produkte durch eine Halal-Zertifizierung f\u00fcr den internationalen Halal-Markt [&hellip;]<\/p>\n","protected":false},"author":1,"featured_media":0,"parent":0,"menu_order":0,"comment_status":"closed","ping_status":"closed","template":"","meta":{"footnotes":""},"class_list":["post-130","page","type-page","status-publish","hentry"],"yoast_head":"<!-- This site is optimized with the Yoast SEO plugin v27.3 - https:\/\/yoast.com\/product\/yoast-seo-wordpress\/ -->\n<title>\u00dcber uns - Halal Certification Germany (HCG)<\/title>\n<meta name=\"robots\" content=\"index, follow, max-snippet:-1, max-image-preview:large, max-video-preview:-1\" \/>\n<link rel=\"canonical\" href=\"https:\/\/halal-certification.de\/de\/uber-uns-2\/\" \/>\n<meta property=\"og:locale\" content=\"de_DE\" \/>\n<meta property=\"og:type\" content=\"article\" \/>\n<meta property=\"og:title\" content=\"\u00dcber uns - Halal Certification Germany (HCG)\" \/>\n<meta property=\"og:description\" content=\"\u00dcber uns \u00dcber Halal Certification Germany (HCG) Qualit\u00e4t. Einfach. Professionell. Das Halal Zertifizierungsinstitut Halal Certification Germany (HCG) ist eine unabh\u00e4ngige und international anerkannte Zertifizierungsstelle f\u00fcr Halal-Produkte in Deutschland. Das Institut wurde im Jahr 2013 mit dem Ziel gegr\u00fcndet, Betrieben eine unkomplizierte und kosteneffiziente M\u00f6glichkeit zu bieten, ihre Produkte durch eine Halal-Zertifizierung f\u00fcr den internationalen Halal-Markt [&hellip;]\" \/>\n<meta property=\"og:url\" content=\"https:\/\/halal-certification.de\/de\/uber-uns-2\/\" \/>\n<meta property=\"og:site_name\" content=\"Halal Certification Germany (HCG)\" \/>\n<meta property=\"article:modified_time\" content=\"2023-07-13T13:39:40+00:00\" \/>\n<meta property=\"og:image\" content=\"https:\/\/halal-certification.de\/wp-content\/uploads\/2023\/07\/HCG-Logo-png-1.png\" \/>\n<meta name=\"twitter:card\" content=\"summary_large_image\" \/>\n<meta name=\"twitter:label1\" content=\"Gesch\u00e4tzte Lesezeit\" \/>\n\t<meta name=\"twitter:data1\" content=\"2\u00a0Minuten\" \/>\n<script type=\"application\/ld+json\" class=\"yoast-schema-graph\">{\"@context\":\"https:\\\/\\\/schema.org\",\"@graph\":[{\"@type\":\"WebPage\",\"@id\":\"https:\\\/\\\/halal-certification.de\\\/uber-uns-2\",\"url\":\"https:\\\/\\\/halal-certification.de\\\/uber-uns-2\",\"name\":\"\u00dcber uns - Halal Certification Germany (HCG)\",\"isPartOf\":{\"@id\":\"https:\\\/\\\/halal-certification.de\\\/#website\"},\"primaryImageOfPage\":{\"@id\":\"https:\\\/\\\/halal-certification.de\\\/uber-uns-2#primaryimage\"},\"image\":{\"@id\":\"https:\\\/\\\/halal-certification.de\\\/uber-uns-2#primaryimage\"},\"thumbnailUrl\":\"https:\\\/\\\/halal-certification.de\\\/wp-content\\\/uploads\\\/2023\\\/07\\\/HCG-Logo-png-1.png\",\"datePublished\":\"2023-07-13T04:57:18+00:00\",\"dateModified\":\"2023-07-13T13:39:40+00:00\",\"breadcrumb\":{\"@id\":\"https:\\\/\\\/halal-certification.de\\\/uber-uns-2#breadcrumb\"},\"inLanguage\":\"de\",\"potentialAction\":[{\"@type\":\"ReadAction\",\"target\":[\"https:\\\/\\\/halal-certification.de\\\/uber-uns-2\"]}]},{\"@type\":\"ImageObject\",\"inLanguage\":\"de\",\"@id\":\"https:\\\/\\\/halal-certification.de\\\/uber-uns-2#primaryimage\",\"url\":\"https:\\\/\\\/halal-certification.de\\\/wp-content\\\/uploads\\\/2023\\\/07\\\/HCG-Logo-png-1.png\",\"contentUrl\":\"https:\\\/\\\/halal-certification.de\\\/wp-content\\\/uploads\\\/2023\\\/07\\\/HCG-Logo-png-1.png\"},{\"@type\":\"BreadcrumbList\",\"@id\":\"https:\\\/\\\/halal-certification.de\\\/uber-uns-2#breadcrumb\",\"itemListElement\":[{\"@type\":\"ListItem\",\"position\":1,\"name\":\"Home\",\"item\":\"https:\\\/\\\/halal-certification.de\\\/\"},{\"@type\":\"ListItem\",\"position\":2,\"name\":\"\u00dcber uns\"}]},{\"@type\":\"WebSite\",\"@id\":\"https:\\\/\\\/halal-certification.de\\\/#website\",\"url\":\"https:\\\/\\\/halal-certification.de\\\/\",\"name\":\"Halal Certification Germany (HCG)\",\"description\":\"Dein Partner in Halal\",\"publisher\":{\"@id\":\"https:\\\/\\\/halal-certification.de\\\/#organization\"},\"potentialAction\":[{\"@type\":\"SearchAction\",\"target\":{\"@type\":\"EntryPoint\",\"urlTemplate\":\"https:\\\/\\\/halal-certification.de\\\/?s={search_term_string}\"},\"query-input\":{\"@type\":\"PropertyValueSpecification\",\"valueRequired\":true,\"valueName\":\"search_term_string\"}}],\"inLanguage\":\"de\"},{\"@type\":\"Organization\",\"@id\":\"https:\\\/\\\/halal-certification.de\\\/#organization\",\"name\":\"Halal Certification Germany (HCG)\",\"url\":\"https:\\\/\\\/halal-certification.de\\\/\",\"logo\":{\"@type\":\"ImageObject\",\"inLanguage\":\"de\",\"@id\":\"https:\\\/\\\/halal-certification.de\\\/#\\\/schema\\\/logo\\\/image\\\/\",\"url\":\"https:\\\/\\\/halal-certification.de\\\/wp-content\\\/uploads\\\/2023\\\/07\\\/HCG-Logo-png.png\",\"contentUrl\":\"https:\\\/\\\/halal-certification.de\\\/wp-content\\\/uploads\\\/2023\\\/07\\\/HCG-Logo-png.png\",\"width\":355,\"height\":371,\"caption\":\"Halal Certification Germany (HCG)\"},\"image\":{\"@id\":\"https:\\\/\\\/halal-certification.de\\\/#\\\/schema\\\/logo\\\/image\\\/\"}}]}<\/script>\n<!-- \/ Yoast SEO plugin. -->","yoast_head_json":{"title":"\u00dcber uns - Halal Certification Germany (HCG)","robots":{"index":"index","follow":"follow","max-snippet":"max-snippet:-1","max-image-preview":"max-image-preview:large","max-video-preview":"max-video-preview:-1"},"canonical":"https:\/\/halal-certification.de\/de\/uber-uns-2\/","og_locale":"de_DE","og_type":"article","og_title":"\u00dcber uns - Halal Certification Germany (HCG)","og_description":"\u00dcber uns \u00dcber Halal Certification Germany (HCG) Qualit\u00e4t. Einfach. Professionell. Das Halal Zertifizierungsinstitut Halal Certification Germany (HCG) ist eine unabh\u00e4ngige und international anerkannte Zertifizierungsstelle f\u00fcr Halal-Produkte in Deutschland. Das Institut wurde im Jahr 2013 mit dem Ziel gegr\u00fcndet, Betrieben eine unkomplizierte und kosteneffiziente M\u00f6glichkeit zu bieten, ihre Produkte durch eine Halal-Zertifizierung f\u00fcr den internationalen Halal-Markt [&hellip;]","og_url":"https:\/\/halal-certification.de\/de\/uber-uns-2\/","og_site_name":"Halal Certification Germany (HCG)","article_modified_time":"2023-07-13T13:39:40+00:00","og_image":[{"url":"https:\/\/halal-certification.de\/wp-content\/uploads\/2023\/07\/HCG-Logo-png-1.png","type":"","width":"","height":""}],"twitter_card":"summary_large_image","twitter_misc":{"Gesch\u00e4tzte Lesezeit":"2\u00a0Minuten"},"schema":{"@context":"https:\/\/schema.org","@graph":[{"@type":"WebPage","@id":"https:\/\/halal-certification.de\/uber-uns-2","url":"https:\/\/halal-certification.de\/uber-uns-2","name":"\u00dcber uns - Halal Certification Germany (HCG)","isPartOf":{"@id":"https:\/\/halal-certification.de\/#website"},"primaryImageOfPage":{"@id":"https:\/\/halal-certification.de\/uber-uns-2#primaryimage"},"image":{"@id":"https:\/\/halal-certification.de\/uber-uns-2#primaryimage"},"thumbnailUrl":"https:\/\/halal-certification.de\/wp-content\/uploads\/2023\/07\/HCG-Logo-png-1.png","datePublished":"2023-07-13T04:57:18+00:00","dateModified":"2023-07-13T13:39:40+00:00","breadcrumb":{"@id":"https:\/\/halal-certification.de\/uber-uns-2#breadcrumb"},"inLanguage":"de","potentialAction":[{"@type":"ReadAction","target":["https:\/\/halal-certification.de\/uber-uns-2"]}]},{"@type":"ImageObject","inLanguage":"de","@id":"https:\/\/halal-certification.de\/uber-uns-2#primaryimage","url":"https:\/\/halal-certification.de\/wp-content\/uploads\/2023\/07\/HCG-Logo-png-1.png","contentUrl":"https:\/\/halal-certification.de\/wp-content\/uploads\/2023\/07\/HCG-Logo-png-1.png"},{"@type":"BreadcrumbList","@id":"https:\/\/halal-certification.de\/uber-uns-2#breadcrumb","itemListElement":[{"@type":"ListItem","position":1,"name":"Home","item":"https:\/\/halal-certification.de\/"},{"@type":"ListItem","position":2,"name":"\u00dcber uns"}]},{"@type":"WebSite","@id":"https:\/\/halal-certification.de\/#website","url":"https:\/\/halal-certification.de\/","name":"Halal Certification Germany (HCG)","description":"Dein Partner in Halal","publisher":{"@id":"https:\/\/halal-certification.de\/#organization"},"potentialAction":[{"@type":"SearchAction","target":{"@type":"EntryPoint","urlTemplate":"https:\/\/halal-certification.de\/?s={search_term_string}"},"query-input":{"@type":"PropertyValueSpecification","valueRequired":true,"valueName":"search_term_string"}}],"inLanguage":"de"},{"@type":"Organization","@id":"https:\/\/halal-certification.de\/#organization","name":"Halal Certification Germany (HCG)","url":"https:\/\/halal-certification.de\/","logo":{"@type":"ImageObject","inLanguage":"de","@id":"https:\/\/halal-certification.de\/#\/schema\/logo\/image\/","url":"https:\/\/halal-certification.de\/wp-content\/uploads\/2023\/07\/HCG-Logo-png.png","contentUrl":"https:\/\/halal-certification.de\/wp-content\/uploads\/2023\/07\/HCG-Logo-png.png","width":355,"height":371,"caption":"Halal Certification Germany (HCG)"},"image":{"@id":"https:\/\/halal-certification.de\/#\/schema\/logo\/image\/"}}]}},"_links":{"self":[{"href":"https:\/\/halal-certification.de\/de\/wp-json\/wp\/v2\/pages\/130","targetHints":{"allow":["GET"]}}],"collection":[{"href":"https:\/\/halal-certification.de\/de\/wp-json\/wp\/v2\/pages"}],"about":[{"href":"https:\/\/halal-certification.de\/de\/wp-json\/wp\/v2\/types\/page"}],"author":[{"embeddable":true,"href":"https:\/\/halal-certification.de\/de\/wp-json\/wp\/v2\/users\/1"}],"replies":[{"embeddable":true,"href":"https:\/\/halal-certification.de\/de\/wp-json\/wp\/v2\/comments?post=130"}],"version-history":[{"count":7,"href":"https:\/\/halal-certification.de\/de\/wp-json\/wp\/v2\/pages\/130\/revisions"}],"predecessor-version":[{"id":222,"href":"https:\/\/halal-certification.de\/de\/wp-json\/wp\/v2\/pages\/130\/revisions\/222"}],"wp:attachment":[{"href":"https:\/\/halal-certification.de\/de\/wp-json\/wp\/v2\/media?parent=130"}],"curies":[{"name":"wp","href":"https:\/\/api.w.org\/{rel}","templated":true}]}}