{"id":89,"date":"2023-07-13T04:57:04","date_gmt":"2023-07-13T04:57:04","guid":{"rendered":"https:\/\/halal-certification.de\/halal-beratung"},"modified":"2023-08-17T10:01:08","modified_gmt":"2023-08-17T10:01:08","slug":"halal-beratung","status":"publish","type":"page","link":"https:\/\/halal-certification.de\/de\/halal-beratung","title":{"rendered":"Halal Beratung"},"content":{"rendered":"<div data-elementor-type=\"wp-page\" data-elementor-id=\"89\" class=\"elementor elementor-89\">\n\t\t\t\t\t\t<section class=\"elementor-section elementor-top-section elementor-element elementor-element-fc656f6 elementor-section-height-min-height elementor-section-boxed elementor-section-height-default elementor-section-items-middle\" data-id=\"fc656f6\" data-element_type=\"section\" data-e-type=\"section\" data-settings=\"{&quot;background_background&quot;:&quot;classic&quot;,&quot;background_motion_fx_motion_fx_mouse&quot;:&quot;yes&quot;,&quot;background_motion_fx_mouseTrack_effect&quot;:&quot;yes&quot;,&quot;background_motion_fx_mouseTrack_speed&quot;:{&quot;unit&quot;:&quot;px&quot;,&quot;size&quot;:1,&quot;sizes&quot;:[]}}\">\n\t\t\t\t\t\t\t<div class=\"elementor-background-overlay\"><\/div>\n\t\t\t\t\t\t\t<div class=\"elementor-container elementor-column-gap-default\">\n\t\t\t\t\t<div class=\"elementor-column elementor-col-100 elementor-top-column elementor-element elementor-element-38dae8f8\" data-id=\"38dae8f8\" data-element_type=\"column\" data-e-type=\"column\">\n\t\t\t<div class=\"elementor-widget-wrap elementor-element-populated\">\n\t\t\t\t\t\t<div class=\"elementor-element elementor-element-3096fa3a elementor-widget elementor-widget-heading\" data-id=\"3096fa3a\" data-element_type=\"widget\" data-e-type=\"widget\" data-widget_type=\"heading.default\">\n\t\t\t\t<div class=\"elementor-widget-container\">\n\t\t\t\t\t<h1 class=\"elementor-heading-title elementor-size-default\">Beratung<\/h1>\t\t\t\t<\/div>\n\t\t\t\t<\/div>\n\t\t\t\t\t<\/div>\n\t\t<\/div>\n\t\t\t\t\t<\/div>\n\t\t<\/section>\n\t\t\t\t<section class=\"elementor-section elementor-top-section elementor-element elementor-element-aa0fdaa elementor-section-content-middle elementor-section-boxed elementor-section-height-default elementor-section-height-default\" data-id=\"aa0fdaa\" data-element_type=\"section\" data-e-type=\"section\">\n\t\t\t\t\t\t<div class=\"elementor-container elementor-column-gap-default\">\n\t\t\t\t\t<div class=\"elementor-column elementor-col-50 elementor-top-column elementor-element elementor-element-7c09f827\" data-id=\"7c09f827\" data-element_type=\"column\" data-e-type=\"column\">\n\t\t\t<div class=\"elementor-widget-wrap elementor-element-populated\">\n\t\t\t\t\t\t<div class=\"elementor-element elementor-element-5ccdaa82 elementor-widget elementor-widget-image\" data-id=\"5ccdaa82\" data-element_type=\"widget\" data-e-type=\"widget\" data-widget_type=\"image.default\">\n\t\t\t\t<div class=\"elementor-widget-container\">\n\t\t\t\t\t\t\t\t\t\t\t\t\t\t\t<img fetchpriority=\"high\" decoding=\"async\" width=\"800\" height=\"534\" src=\"https:\/\/halal-certification.de\/wp-content\/uploads\/2023\/07\/shutterstock_539154316-scaled-1-1024x683.jpg\" class=\"attachment-large size-large wp-image-91\" alt=\"\" srcset=\"https:\/\/halal-certification.de\/wp-content\/uploads\/2023\/07\/shutterstock_539154316-scaled-1-1024x683.jpg 1024w, https:\/\/halal-certification.de\/wp-content\/uploads\/2023\/07\/shutterstock_539154316-scaled-1-300x200.jpg 300w, https:\/\/halal-certification.de\/wp-content\/uploads\/2023\/07\/shutterstock_539154316-scaled-1-768x512.jpg 768w, https:\/\/halal-certification.de\/wp-content\/uploads\/2023\/07\/shutterstock_539154316-scaled-1-1536x1024.jpg 1536w, https:\/\/halal-certification.de\/wp-content\/uploads\/2023\/07\/shutterstock_539154316-scaled-1-2048x1366.jpg 2048w, https:\/\/halal-certification.de\/wp-content\/uploads\/2023\/07\/shutterstock_539154316-scaled-1-18x12.jpg 18w\" sizes=\"(max-width: 800px) 100vw, 800px\" \/>\t\t\t\t\t\t\t\t\t\t\t\t\t\t\t<\/div>\n\t\t\t\t<\/div>\n\t\t\t\t\t<\/div>\n\t\t<\/div>\n\t\t\t\t<div class=\"elementor-column elementor-col-50 elementor-top-column elementor-element elementor-element-53c91e1\" data-id=\"53c91e1\" data-element_type=\"column\" data-e-type=\"column\">\n\t\t\t<div class=\"elementor-widget-wrap elementor-element-populated\">\n\t\t\t\t\t\t<div class=\"elementor-element elementor-element-37b4a8f7 elementor-widget elementor-widget-heading\" data-id=\"37b4a8f7\" data-element_type=\"widget\" data-e-type=\"widget\" data-widget_type=\"heading.default\">\n\t\t\t\t<div class=\"elementor-widget-container\">\n\t\t\t\t\t<h2 class=\"elementor-heading-title elementor-size-default\">Wir beraten Sie.<br>Vor und nach dem Audit.<\/h2>\t\t\t\t<\/div>\n\t\t\t\t<\/div>\n\t\t\t\t<div class=\"elementor-element elementor-element-4a5566a0 elementor-widget elementor-widget-text-editor\" data-id=\"4a5566a0\" data-element_type=\"widget\" data-e-type=\"widget\" data-widget_type=\"text-editor.default\">\n\t\t\t\t<div class=\"elementor-widget-container\">\n\t\t\t\t\t\t\t\t\t<p>Das Zertifizierungsinstitut HCG bietet professionelle Beratung f\u00fcr Betriebe, die im Bereich der Halal-Nahrungsmittelproduktion t\u00e4tig sind. Diese Beratungsdienste sind von unsch\u00e4tzbarem Wert f\u00fcr Unternehmen, die Interesse daran haben, sich auf dem Markt der Halal-Produkte zu etablieren.<\/p><p>Die Beratung beginnt damit, dass das Unternehmen eine Einsch\u00e4tzung der aktuellen Produktionsprozesse erh\u00e4lt. Die Experten des Zertifizierungsinstituts pr\u00fcfen alle Aspekte der Lebensmittelproduktion, einschlie\u00dflich der Rohstoffe, der Verarbeitung und des Transports.<\/p>\t\t\t\t\t\t\t\t<\/div>\n\t\t\t\t<\/div>\n\t\t\t\t\t<\/div>\n\t\t<\/div>\n\t\t\t\t\t<\/div>\n\t\t<\/section>\n\t\t\t\t<section class=\"elementor-section elementor-top-section elementor-element elementor-element-5bd49e6e elementor-section-full_width elementor-section-height-default elementor-section-height-default\" data-id=\"5bd49e6e\" data-element_type=\"section\" data-e-type=\"section\" data-settings=\"{&quot;background_background&quot;:&quot;classic&quot;}\">\n\t\t\t\t\t\t\t<div class=\"elementor-background-overlay\"><\/div>\n\t\t\t\t\t\t\t<div class=\"elementor-container elementor-column-gap-no\">\n\t\t\t\t\t<div class=\"elementor-column elementor-col-100 elementor-top-column elementor-element elementor-element-67fbdf4b\" data-id=\"67fbdf4b\" data-element_type=\"column\" data-e-type=\"column\">\n\t\t\t<div class=\"elementor-widget-wrap elementor-element-populated\">\n\t\t\t\t\t\t<section class=\"elementor-section elementor-inner-section elementor-element elementor-element-45990d88 elementor-section-content-middle elementor-section-boxed elementor-section-height-default elementor-section-height-default\" data-id=\"45990d88\" data-element_type=\"section\" data-e-type=\"section\">\n\t\t\t\t\t\t<div class=\"elementor-container elementor-column-gap-default\">\n\t\t\t\t\t<div class=\"elementor-column elementor-col-50 elementor-inner-column elementor-element elementor-element-4486df0\" data-id=\"4486df0\" data-element_type=\"column\" data-e-type=\"column\">\n\t\t\t<div class=\"elementor-widget-wrap elementor-element-populated\">\n\t\t\t\t\t\t<div class=\"elementor-element elementor-element-253f80ff elementor-widget elementor-widget-text-editor\" data-id=\"253f80ff\" data-element_type=\"widget\" data-e-type=\"widget\" data-widget_type=\"text-editor.default\">\n\t\t\t\t<div class=\"elementor-widget-container\">\n\t\t\t\t\t\t\t\t\t<p>Im n\u00e4chsten Schritt wird eine Bewertung des aktuellen Status der Halal-Konformit\u00e4t durchgef\u00fchrt. Die Berater erstellen eine detaillierte Checkliste, die alle Aspekte abdeckt, die f\u00fcr die Halal-Zertifizierung von Bedeutung sind. Dies beinhaltet die \u00dcberpr\u00fcfung der verwendeten Zutaten, der Reinigungs- und Desinfektionsmethoden, der Kennzeichnung und Verpackung, der Hygienevorschriften und der Produktionseinrichtungen.<br \/><br \/>Nachdem die Bewertung abgeschlossen ist, entwickelt das Zertifizierungsinstitut einen individuellen Aktionsplan f\u00fcr das Unternehmen. Dieser Plan bietet konkrete Schritte, die das Unternehmen unternehmen muss, um die Halal-Konformit\u00e4t in allen Aspekten der Produktion zu erreichen.<\/p>\t\t\t\t\t\t\t\t<\/div>\n\t\t\t\t<\/div>\n\t\t\t\t\t<\/div>\n\t\t<\/div>\n\t\t\t\t<div class=\"elementor-column elementor-col-50 elementor-inner-column elementor-element elementor-element-1769702a\" data-id=\"1769702a\" data-element_type=\"column\" data-e-type=\"column\">\n\t\t\t<div class=\"elementor-widget-wrap elementor-element-populated\">\n\t\t\t\t\t\t<div class=\"elementor-element elementor-element-1b470c49 elementor-widget elementor-widget-text-editor\" data-id=\"1b470c49\" data-element_type=\"widget\" data-e-type=\"widget\" data-widget_type=\"text-editor.default\">\n\t\t\t\t<div class=\"elementor-widget-container\">\n\t\t\t\t\t\t\t\t\t<p>W\u00e4hrend des Beratungsprozesses bietet das Zertifizierungsinstitut auch Schulungen f\u00fcr das Personal des Unternehmens an. Die Schulungen sind darauf ausgerichtet, das Wissen und die F\u00e4higkeiten der Mitarbeiter im Bereich der Halal-Produktion zu verbessern und zu f\u00f6rdern. Dies beinhaltet Schulungen zur korrekten Kennzeichnung und Verpackung, zur Hygiene und Sicherheit am Arbeitsplatz sowie zur Einhaltung der Halal-Vorschriften.<\/p><p>Durch die Beratung des Zertifizierungsinstituts und die Implementierung der vorgeschlagenen Schritte kann das Unternehmen sicherstellen, dass alle seine Produkte den Halal-Standards entsprechen. Dies wird nicht nur dazu beitragen, das Vertrauen der muslimischen Gemeinschaft zu gewinnen, sondern es wird auch in der Lage sein, den Markt der Halal-Produkte zu betreten und seine Ums\u00e4tze zu steigern.<\/p>\t\t\t\t\t\t\t\t<\/div>\n\t\t\t\t<\/div>\n\t\t\t\t\t<\/div>\n\t\t<\/div>\n\t\t\t\t\t<\/div>\n\t\t<\/section>\n\t\t\t\t\t<\/div>\n\t\t<\/div>\n\t\t\t\t\t<\/div>\n\t\t<\/section>\n\t\t\t\t<section class=\"elementor-section elementor-top-section elementor-element elementor-element-17d20b81 elementor-section-boxed elementor-section-height-default elementor-section-height-default\" data-id=\"17d20b81\" data-element_type=\"section\" data-e-type=\"section\">\n\t\t\t\t\t\t<div class=\"elementor-container elementor-column-gap-default\">\n\t\t\t\t\t<div class=\"elementor-column elementor-col-100 elementor-top-column elementor-element elementor-element-5f28dcde\" data-id=\"5f28dcde\" data-element_type=\"column\" data-e-type=\"column\">\n\t\t\t<div class=\"elementor-widget-wrap elementor-element-populated\">\n\t\t\t\t\t\t<div class=\"elementor-element elementor-element-50342025 elementor-widget elementor-widget-spacer\" data-id=\"50342025\" data-element_type=\"widget\" data-e-type=\"widget\" data-widget_type=\"spacer.default\">\n\t\t\t\t<div class=\"elementor-widget-container\">\n\t\t\t\t\t\t\t<div class=\"elementor-spacer\">\n\t\t\t<div class=\"elementor-spacer-inner\"><\/div>\n\t\t<\/div>\n\t\t\t\t\t\t<\/div>\n\t\t\t\t<\/div>\n\t\t\t\t\t<\/div>\n\t\t<\/div>\n\t\t\t\t\t<\/div>\n\t\t<\/section>\n\t\t\t\t<section class=\"elementor-section elementor-top-section elementor-element elementor-element-1a8af722 elementor-section-boxed elementor-section-height-default elementor-section-height-default\" data-id=\"1a8af722\" data-element_type=\"section\" data-e-type=\"section\">\n\t\t\t\t\t\t<div class=\"elementor-container elementor-column-gap-default\">\n\t\t\t\t\t<div class=\"elementor-column elementor-col-100 elementor-top-column elementor-element elementor-element-1c346927\" data-id=\"1c346927\" data-element_type=\"column\" data-e-type=\"column\">\n\t\t\t<div class=\"elementor-widget-wrap elementor-element-populated\">\n\t\t\t\t\t\t<section class=\"elementor-section elementor-inner-section elementor-element elementor-element-16a145e4 elementor-section-boxed elementor-section-height-default elementor-section-height-default\" data-id=\"16a145e4\" data-element_type=\"section\" data-e-type=\"section\">\n\t\t\t\t\t\t<div class=\"elementor-container elementor-column-gap-default\">\n\t\t\t\t\t<div class=\"elementor-column elementor-col-50 elementor-inner-column elementor-element elementor-element-2f6190b\" data-id=\"2f6190b\" data-element_type=\"column\" data-e-type=\"column\">\n\t\t\t<div class=\"elementor-widget-wrap elementor-element-populated\">\n\t\t\t\t\t\t<div class=\"elementor-element elementor-element-560b0cd4 elementor-widget elementor-widget-text-editor\" data-id=\"560b0cd4\" data-element_type=\"widget\" data-e-type=\"widget\" data-widget_type=\"text-editor.default\">\n\t\t\t\t<div class=\"elementor-widget-container\">\n\t\t\t\t\t\t\t\t\t<p>Jetzt kontaktieren und eine kostenlose Beratung anfragen<\/p>\t\t\t\t\t\t\t\t<\/div>\n\t\t\t\t<\/div>\n\t\t\t\t\t<\/div>\n\t\t<\/div>\n\t\t\t\t<div class=\"elementor-column elementor-col-50 elementor-inner-column elementor-element elementor-element-517f7fc2\" data-id=\"517f7fc2\" data-element_type=\"column\" data-e-type=\"column\">\n\t\t\t<div class=\"elementor-widget-wrap elementor-element-populated\">\n\t\t\t\t\t\t<div class=\"elementor-element elementor-element-38a2c426 elementor-widget elementor-widget-spacer\" data-id=\"38a2c426\" data-element_type=\"widget\" data-e-type=\"widget\" data-widget_type=\"spacer.default\">\n\t\t\t\t<div class=\"elementor-widget-container\">\n\t\t\t\t\t\t\t<div class=\"elementor-spacer\">\n\t\t\t<div class=\"elementor-spacer-inner\"><\/div>\n\t\t<\/div>\n\t\t\t\t\t\t<\/div>\n\t\t\t\t<\/div>\n\t\t\t\t<div class=\"elementor-element elementor-element-433798da elementor-button-success elementor-align-center elementor-widget elementor-widget-button\" data-id=\"433798da\" data-element_type=\"widget\" data-e-type=\"widget\" data-widget_type=\"button.default\">\n\t\t\t\t<div class=\"elementor-widget-container\">\n\t\t\t\t\t\t\t\t\t<div class=\"elementor-button-wrapper\">\n\t\t\t\t\t<a class=\"elementor-button elementor-button-link elementor-size-lg\" href=\"https:\/\/halal-certification.de\/de\/kontakt\/\">\n\t\t\t\t\t\t<span class=\"elementor-button-content-wrapper\">\n\t\t\t\t\t\t\t\t\t<span class=\"elementor-button-text\">Kontakt aufnehmen<\/span>\n\t\t\t\t\t<\/span>\n\t\t\t\t\t<\/a>\n\t\t\t\t<\/div>\n\t\t\t\t\t\t\t\t<\/div>\n\t\t\t\t<\/div>\n\t\t\t\t\t<\/div>\n\t\t<\/div>\n\t\t\t\t\t<\/div>\n\t\t<\/section>\n\t\t\t\t\t<\/div>\n\t\t<\/div>\n\t\t\t\t\t<\/div>\n\t\t<\/section>\n\t\t\t\t<section class=\"elementor-section elementor-top-section elementor-element elementor-element-23e13bfa elementor-section-boxed elementor-section-height-default elementor-section-height-default\" data-id=\"23e13bfa\" data-element_type=\"section\" data-e-type=\"section\">\n\t\t\t\t\t\t<div class=\"elementor-container elementor-column-gap-default\">\n\t\t\t\t\t<div class=\"elementor-column elementor-col-100 elementor-top-column elementor-element elementor-element-58964c64\" data-id=\"58964c64\" data-element_type=\"column\" data-e-type=\"column\">\n\t\t\t<div class=\"elementor-widget-wrap elementor-element-populated\">\n\t\t\t\t\t\t<div class=\"elementor-element elementor-element-469a45fa elementor-widget elementor-widget-spacer\" data-id=\"469a45fa\" data-element_type=\"widget\" data-e-type=\"widget\" data-widget_type=\"spacer.default\">\n\t\t\t\t<div class=\"elementor-widget-container\">\n\t\t\t\t\t\t\t<div class=\"elementor-spacer\">\n\t\t\t<div class=\"elementor-spacer-inner\"><\/div>\n\t\t<\/div>\n\t\t\t\t\t\t<\/div>\n\t\t\t\t<\/div>\n\t\t\t\t\t<\/div>\n\t\t<\/div>\n\t\t\t\t\t<\/div>\n\t\t<\/section>\n\t\t\t\t<\/div>","protected":false},"excerpt":{"rendered":"<p>Beratung Wir beraten Sie.Vor und nach dem Audit. Das Zertifizierungsinstitut HCG bietet professionelle Beratung f\u00fcr Betriebe, die im Bereich der Halal-Nahrungsmittelproduktion t\u00e4tig sind. Diese Beratungsdienste sind von unsch\u00e4tzbarem Wert f\u00fcr Unternehmen, die Interesse daran haben, sich auf dem Markt der Halal-Produkte zu etablieren. Die Beratung beginnt damit, dass das Unternehmen eine Einsch\u00e4tzung der aktuellen Produktionsprozesse [&hellip;]<\/p>\n","protected":false},"author":1,"featured_media":0,"parent":0,"menu_order":0,"comment_status":"closed","ping_status":"closed","template":"","meta":{"footnotes":""},"class_list":["post-89","page","type-page","status-publish","hentry"],"yoast_head":"<!-- This site is optimized with the Yoast SEO plugin v27.3 - https:\/\/yoast.com\/product\/yoast-seo-wordpress\/ -->\n<title>Halal Beratung - Halal Certification Germany (HCG)<\/title>\n<meta name=\"robots\" content=\"index, follow, max-snippet:-1, max-image-preview:large, max-video-preview:-1\" \/>\n<link rel=\"canonical\" href=\"https:\/\/halal-certification.de\/de\/halal-beratung\/\" \/>\n<meta property=\"og:locale\" content=\"de_DE\" \/>\n<meta property=\"og:type\" content=\"article\" \/>\n<meta property=\"og:title\" content=\"Halal Beratung - Halal Certification Germany (HCG)\" \/>\n<meta property=\"og:description\" content=\"Beratung Wir beraten Sie.Vor und nach dem Audit. Das Zertifizierungsinstitut HCG bietet professionelle Beratung f\u00fcr Betriebe, die im Bereich der Halal-Nahrungsmittelproduktion t\u00e4tig sind. Diese Beratungsdienste sind von unsch\u00e4tzbarem Wert f\u00fcr Unternehmen, die Interesse daran haben, sich auf dem Markt der Halal-Produkte zu etablieren. Die Beratung beginnt damit, dass das Unternehmen eine Einsch\u00e4tzung der aktuellen Produktionsprozesse [&hellip;]\" \/>\n<meta property=\"og:url\" content=\"https:\/\/halal-certification.de\/de\/halal-beratung\/\" \/>\n<meta property=\"og:site_name\" content=\"Halal Certification Germany (HCG)\" \/>\n<meta property=\"article:modified_time\" content=\"2023-08-17T10:01:08+00:00\" \/>\n<meta property=\"og:image\" content=\"https:\/\/halal-certification.de\/wp-content\/uploads\/2023\/07\/shutterstock_539154316-scaled-1-1024x683.jpg\" \/>\n<meta name=\"twitter:card\" content=\"summary_large_image\" \/>\n<meta name=\"twitter:label1\" content=\"Gesch\u00e4tzte Lesezeit\" \/>\n\t<meta name=\"twitter:data1\" content=\"2\u00a0Minuten\" \/>\n<script type=\"application\/ld+json\" class=\"yoast-schema-graph\">{\"@context\":\"https:\\\/\\\/schema.org\",\"@graph\":[{\"@type\":\"WebPage\",\"@id\":\"https:\\\/\\\/halal-certification.de\\\/halal-beratung\",\"url\":\"https:\\\/\\\/halal-certification.de\\\/halal-beratung\",\"name\":\"Halal Beratung - Halal Certification Germany (HCG)\",\"isPartOf\":{\"@id\":\"https:\\\/\\\/halal-certification.de\\\/#website\"},\"primaryImageOfPage\":{\"@id\":\"https:\\\/\\\/halal-certification.de\\\/halal-beratung#primaryimage\"},\"image\":{\"@id\":\"https:\\\/\\\/halal-certification.de\\\/halal-beratung#primaryimage\"},\"thumbnailUrl\":\"https:\\\/\\\/halal-certification.de\\\/wp-content\\\/uploads\\\/2023\\\/07\\\/shutterstock_539154316-scaled-1-1024x683.jpg\",\"datePublished\":\"2023-07-13T04:57:04+00:00\",\"dateModified\":\"2023-08-17T10:01:08+00:00\",\"breadcrumb\":{\"@id\":\"https:\\\/\\\/halal-certification.de\\\/halal-beratung#breadcrumb\"},\"inLanguage\":\"de\",\"potentialAction\":[{\"@type\":\"ReadAction\",\"target\":[\"https:\\\/\\\/halal-certification.de\\\/halal-beratung\"]}]},{\"@type\":\"ImageObject\",\"inLanguage\":\"de\",\"@id\":\"https:\\\/\\\/halal-certification.de\\\/halal-beratung#primaryimage\",\"url\":\"https:\\\/\\\/halal-certification.de\\\/wp-content\\\/uploads\\\/2023\\\/07\\\/shutterstock_539154316-scaled-1-1024x683.jpg\",\"contentUrl\":\"https:\\\/\\\/halal-certification.de\\\/wp-content\\\/uploads\\\/2023\\\/07\\\/shutterstock_539154316-scaled-1-1024x683.jpg\"},{\"@type\":\"BreadcrumbList\",\"@id\":\"https:\\\/\\\/halal-certification.de\\\/halal-beratung#breadcrumb\",\"itemListElement\":[{\"@type\":\"ListItem\",\"position\":1,\"name\":\"Home\",\"item\":\"https:\\\/\\\/halal-certification.de\\\/\"},{\"@type\":\"ListItem\",\"position\":2,\"name\":\"Halal Beratung\"}]},{\"@type\":\"WebSite\",\"@id\":\"https:\\\/\\\/halal-certification.de\\\/#website\",\"url\":\"https:\\\/\\\/halal-certification.de\\\/\",\"name\":\"Halal Certification Germany (HCG)\",\"description\":\"Dein Partner in Halal\",\"publisher\":{\"@id\":\"https:\\\/\\\/halal-certification.de\\\/#organization\"},\"potentialAction\":[{\"@type\":\"SearchAction\",\"target\":{\"@type\":\"EntryPoint\",\"urlTemplate\":\"https:\\\/\\\/halal-certification.de\\\/?s={search_term_string}\"},\"query-input\":{\"@type\":\"PropertyValueSpecification\",\"valueRequired\":true,\"valueName\":\"search_term_string\"}}],\"inLanguage\":\"de\"},{\"@type\":\"Organization\",\"@id\":\"https:\\\/\\\/halal-certification.de\\\/#organization\",\"name\":\"Halal Certification Germany (HCG)\",\"url\":\"https:\\\/\\\/halal-certification.de\\\/\",\"logo\":{\"@type\":\"ImageObject\",\"inLanguage\":\"de\",\"@id\":\"https:\\\/\\\/halal-certification.de\\\/#\\\/schema\\\/logo\\\/image\\\/\",\"url\":\"https:\\\/\\\/halal-certification.de\\\/wp-content\\\/uploads\\\/2023\\\/07\\\/HCG-Logo-png.png\",\"contentUrl\":\"https:\\\/\\\/halal-certification.de\\\/wp-content\\\/uploads\\\/2023\\\/07\\\/HCG-Logo-png.png\",\"width\":355,\"height\":371,\"caption\":\"Halal Certification Germany (HCG)\"},\"image\":{\"@id\":\"https:\\\/\\\/halal-certification.de\\\/#\\\/schema\\\/logo\\\/image\\\/\"}}]}<\/script>\n<!-- \/ Yoast SEO plugin. -->","yoast_head_json":{"title":"Halal Beratung - Halal Certification Germany (HCG)","robots":{"index":"index","follow":"follow","max-snippet":"max-snippet:-1","max-image-preview":"max-image-preview:large","max-video-preview":"max-video-preview:-1"},"canonical":"https:\/\/halal-certification.de\/de\/halal-beratung\/","og_locale":"de_DE","og_type":"article","og_title":"Halal Beratung - Halal Certification Germany (HCG)","og_description":"Beratung Wir beraten Sie.Vor und nach dem Audit. Das Zertifizierungsinstitut HCG bietet professionelle Beratung f\u00fcr Betriebe, die im Bereich der Halal-Nahrungsmittelproduktion t\u00e4tig sind. Diese Beratungsdienste sind von unsch\u00e4tzbarem Wert f\u00fcr Unternehmen, die Interesse daran haben, sich auf dem Markt der Halal-Produkte zu etablieren. Die Beratung beginnt damit, dass das Unternehmen eine Einsch\u00e4tzung der aktuellen Produktionsprozesse [&hellip;]","og_url":"https:\/\/halal-certification.de\/de\/halal-beratung\/","og_site_name":"Halal Certification Germany (HCG)","article_modified_time":"2023-08-17T10:01:08+00:00","og_image":[{"url":"https:\/\/halal-certification.de\/wp-content\/uploads\/2023\/07\/shutterstock_539154316-scaled-1-1024x683.jpg","type":"","width":"","height":""}],"twitter_card":"summary_large_image","twitter_misc":{"Gesch\u00e4tzte Lesezeit":"2\u00a0Minuten"},"schema":{"@context":"https:\/\/schema.org","@graph":[{"@type":"WebPage","@id":"https:\/\/halal-certification.de\/halal-beratung","url":"https:\/\/halal-certification.de\/halal-beratung","name":"Halal Beratung - Halal Certification Germany (HCG)","isPartOf":{"@id":"https:\/\/halal-certification.de\/#website"},"primaryImageOfPage":{"@id":"https:\/\/halal-certification.de\/halal-beratung#primaryimage"},"image":{"@id":"https:\/\/halal-certification.de\/halal-beratung#primaryimage"},"thumbnailUrl":"https:\/\/halal-certification.de\/wp-content\/uploads\/2023\/07\/shutterstock_539154316-scaled-1-1024x683.jpg","datePublished":"2023-07-13T04:57:04+00:00","dateModified":"2023-08-17T10:01:08+00:00","breadcrumb":{"@id":"https:\/\/halal-certification.de\/halal-beratung#breadcrumb"},"inLanguage":"de","potentialAction":[{"@type":"ReadAction","target":["https:\/\/halal-certification.de\/halal-beratung"]}]},{"@type":"ImageObject","inLanguage":"de","@id":"https:\/\/halal-certification.de\/halal-beratung#primaryimage","url":"https:\/\/halal-certification.de\/wp-content\/uploads\/2023\/07\/shutterstock_539154316-scaled-1-1024x683.jpg","contentUrl":"https:\/\/halal-certification.de\/wp-content\/uploads\/2023\/07\/shutterstock_539154316-scaled-1-1024x683.jpg"},{"@type":"BreadcrumbList","@id":"https:\/\/halal-certification.de\/halal-beratung#breadcrumb","itemListElement":[{"@type":"ListItem","position":1,"name":"Home","item":"https:\/\/halal-certification.de\/"},{"@type":"ListItem","position":2,"name":"Halal Beratung"}]},{"@type":"WebSite","@id":"https:\/\/halal-certification.de\/#website","url":"https:\/\/halal-certification.de\/","name":"Halal Certification Germany (HCG)","description":"Dein Partner in Halal","publisher":{"@id":"https:\/\/halal-certification.de\/#organization"},"potentialAction":[{"@type":"SearchAction","target":{"@type":"EntryPoint","urlTemplate":"https:\/\/halal-certification.de\/?s={search_term_string}"},"query-input":{"@type":"PropertyValueSpecification","valueRequired":true,"valueName":"search_term_string"}}],"inLanguage":"de"},{"@type":"Organization","@id":"https:\/\/halal-certification.de\/#organization","name":"Halal Certification Germany (HCG)","url":"https:\/\/halal-certification.de\/","logo":{"@type":"ImageObject","inLanguage":"de","@id":"https:\/\/halal-certification.de\/#\/schema\/logo\/image\/","url":"https:\/\/halal-certification.de\/wp-content\/uploads\/2023\/07\/HCG-Logo-png.png","contentUrl":"https:\/\/halal-certification.de\/wp-content\/uploads\/2023\/07\/HCG-Logo-png.png","width":355,"height":371,"caption":"Halal Certification Germany (HCG)"},"image":{"@id":"https:\/\/halal-certification.de\/#\/schema\/logo\/image\/"}}]}},"_links":{"self":[{"href":"https:\/\/halal-certification.de\/de\/wp-json\/wp\/v2\/pages\/89","targetHints":{"allow":["GET"]}}],"collection":[{"href":"https:\/\/halal-certification.de\/de\/wp-json\/wp\/v2\/pages"}],"about":[{"href":"https:\/\/halal-certification.de\/de\/wp-json\/wp\/v2\/types\/page"}],"author":[{"embeddable":true,"href":"https:\/\/halal-certification.de\/de\/wp-json\/wp\/v2\/users\/1"}],"replies":[{"embeddable":true,"href":"https:\/\/halal-certification.de\/de\/wp-json\/wp\/v2\/comments?post=89"}],"version-history":[{"count":19,"href":"https:\/\/halal-certification.de\/de\/wp-json\/wp\/v2\/pages\/89\/revisions"}],"predecessor-version":[{"id":319,"href":"https:\/\/halal-certification.de\/de\/wp-json\/wp\/v2\/pages\/89\/revisions\/319"}],"wp:attachment":[{"href":"https:\/\/halal-certification.de\/de\/wp-json\/wp\/v2\/media?parent=89"}],"curies":[{"name":"wp","href":"https:\/\/api.w.org\/{rel}","templated":true}]}}